{"id":1730,"date":"2023-07-29T13:43:58","date_gmt":"2023-07-29T10:43:58","guid":{"rendered":"https:\/\/www.gercekyazilim.com\/?page_id=1730"},"modified":"2023-08-04T14:15:56","modified_gmt":"2023-08-04T11:15:56","slug":"start3-nedir","status":"publish","type":"page","link":"http:\/\/www.gercekyazilim.com\/index.php\/start3-nedir\/","title":{"rendered":"Start3 Nedir?"},"content":{"rendered":"<section class=\"wpb-content-wrapper\"><p>[vc_row][vc_column width=&#8221;1\/2&#8243;][vc_single_image image=&#8221;1777&#8243; img_size=&#8221;full&#8221; alignment=&#8221;center&#8221;][\/vc_column][vc_column width=&#8221;1\/2&#8243;][vc_column_text]<\/p>\n<h2>Mikro ve k\u00fc\u00e7\u00fck \u00f6l\u00e7ekli i\u015fletmelere y\u00f6nelik yerle\u015fik bir \u00e7\u00f6z\u00fcm olan Logo Start 3 ile stok takibinden faturaland\u0131rmaya, m\u00fc\u015fteri kay\u0131tlar\u0131ndan sipari\u015f y\u00f6netimine kadar kilit i\u015f s\u00fcre\u00e7lerinizi tek noktadan y\u00f6netin.<\/h2>\n<p>\u00d6n muhasebe program\u0131 Logo Start 3 ile t\u00fcm mikro i\u015fletmeler stok, maliyet, kasa, fatura, sipari\u015f, \u00f6deme ve tahsilat takibi, banka ve m\u00fc\u015fteri bilgilerinin y\u00f6netimi i\u015flemlerini tek noktadan yapabiliyor. B\u00f6ylece banka hesaplar\u0131ndan ayl\u0131k \u00f6demelere, stok bilgilerinden e-Fatura kesimine kadar her noktada kontrol ve verimlilik art\u0131\u015f\u0131 sa\u011flan\u0131yor.<\/p>\n<p>\u00d6n muhasebe i\u015flemlerinde kolayl\u0131k<\/p>\n<p>Mikro i\u015fletmelerin \u00f6ncelikli hedefi ticari faaliyetlerinden kazan\u00e7 sa\u011flamak, sonraki ad\u0131m\u0131 ise i\u015flerini yava\u015f yava\u015f b\u00fcy\u00fctmektir. Kolayca ve k\u0131sa s\u00fcrede devreye al\u0131nan Logo Start 3, bu hedeflere ula\u015fmak i\u00e7in gerekli teknolojik altyap\u0131y\u0131 sa\u011flaman\u0131n yan\u0131 s\u0131ra g\u00fcnl\u00fck \u00f6n muhasebe i\u015flemlerine y\u00f6nelik t\u00fcm ihtiya\u00e7lar\u0131 da kar\u015f\u0131l\u0131yor. Hangi sekt\u00f6rde faaliyet g\u00f6steriyor olursa olsun, t\u00fcm mikro i\u015fletmeler dijitalle\u015fmenin ilk ad\u0131m\u0131n\u0131 Logo Start ile atabiliyor. B\u00f6ylece b\u00fcy\u00fck yat\u0131r\u0131mlar yapmaya gerek kalmadan stok, maliyet, kasa, fatura, sipari\u015f, \u00f6deme ve tahsilat takibi, banka ve m\u00fc\u015fteri bilgilerini tek noktadan yapabiliyor.<\/p>\n<p>&nbsp;<\/p>\n<p>e-Devlet \u00e7\u00f6z\u00fcmleri entegrasyonu<\/p>\n<p>Logo Start 3\u2019\u00fcn sundu\u011fu kolayl\u0131klara e-Devlet \u00e7\u00f6z\u00fcmleri konforunu da eklemek isteyen mikro i\u015fletmeler, bu \u00e7\u00f6z\u00fcmleri yine eLogo g\u00fcvencesiyle ek hizmet olarak alabiliyor. e-Fatura, e-Ar\u015fiv Fatura, e-\u0130rsaliye ve e-Serbest Meslek Makbuzu \u00e7\u00f6z\u00fcmleri Logo Start 3 ile entegre \u00e7al\u0131\u015f\u0131yor. B\u00f6ylece herhangi bir ek uygulamaya gerek kalmadan, e-Devlet \u00e7\u00f6z\u00fcmlerine kolayca ve k\u0131sa s\u00fcrede ge\u00e7i\u015f yap\u0131labiliyor. Logo Start 3 ile birlikte e-Fatura, e-Ar\u015fiv Fatura, e-\u0130rsaliye ve e-Serbest Meslek Makbuzu&#8217;na ge\u00e7i\u015f, i\u015flem kolayl\u0131\u011f\u0131 sunman\u0131n yan\u0131 s\u0131ra ka\u011f\u0131t ve bas\u0131m maliyetlerinden de tasarruf etmeyi sa\u011fl\u0131yor.[\/vc_column_text][\/vc_column][\/vc_row]<\/p>\n<\/section>","protected":false},"excerpt":{"rendered":"<p>[vc_row][vc_column width=&#8221;1\/2&#8243;][vc_single_image image=&#8221;1777&#8243; img_size=&#8221;full&#8221; alignment=&#8221;center&#8221;][\/vc_column][vc_column width=&#8221;1\/2&#8243;][vc_column_text] Mikro ve k\u00fc\u00e7\u00fck \u00f6l\u00e7ekli i\u015fletmelere y\u00f6nelik yerle\u015fik bir \u00e7\u00f6z\u00fcm olan Logo Start 3 ile stok takibinden faturaland\u0131rmaya, m\u00fc\u015fteri kay\u0131tlar\u0131ndan sipari\u015f y\u00f6netimine kadar kilit i\u015f s\u00fcre\u00e7lerinizi tek noktadan y\u00f6netin. \u00d6n muhasebe program\u0131 Logo Start 3 ile t\u00fcm mikro i\u015fletmeler stok, maliyet, kasa, fatura, sipari\u015f, \u00f6deme ve tahsilat takibi, banka ve [&hellip;]<\/p>\n","protected":false},"author":1,"featured_media":0,"parent":0,"menu_order":0,"comment_status":"closed","ping_status":"closed","template":"","meta":{"om_disable_all_campaigns":false,"_monsterinsights_skip_tracking":false,"_monsterinsights_sitenote_active":false,"_monsterinsights_sitenote_note":"","_monsterinsights_sitenote_category":0,"footnotes":""},"class_list":["post-1730","page","type-page","status-publish","hentry"],"acf":[],"aioseo_notices":[],"_links":{"self":[{"href":"http:\/\/www.gercekyazilim.com\/index.php\/wp-json\/wp\/v2\/pages\/1730","targetHints":{"allow":["GET"]}}],"collection":[{"href":"http:\/\/www.gercekyazilim.com\/index.php\/wp-json\/wp\/v2\/pages"}],"about":[{"href":"http:\/\/www.gercekyazilim.com\/index.php\/wp-json\/wp\/v2\/types\/page"}],"author":[{"embeddable":true,"href":"http:\/\/www.gercekyazilim.com\/index.php\/wp-json\/wp\/v2\/users\/1"}],"replies":[{"embeddable":true,"href":"http:\/\/www.gercekyazilim.com\/index.php\/wp-json\/wp\/v2\/comments?post=1730"}],"version-history":[{"count":3,"href":"http:\/\/www.gercekyazilim.com\/index.php\/wp-json\/wp\/v2\/pages\/1730\/revisions"}],"predecessor-version":[{"id":1975,"href":"http:\/\/www.gercekyazilim.com\/index.php\/wp-json\/wp\/v2\/pages\/1730\/revisions\/1975"}],"wp:attachment":[{"href":"http:\/\/www.gercekyazilim.com\/index.php\/wp-json\/wp\/v2\/media?parent=1730"}],"curies":[{"name":"wp","href":"https:\/\/api.w.org\/{rel}","templated":true}]}}