{"id":1731,"date":"2023-07-29T13:43:58","date_gmt":"2023-07-29T10:43:58","guid":{"rendered":"https:\/\/www.gercekyazilim.com\/?page_id=1731"},"modified":"2023-07-31T15:25:08","modified_gmt":"2023-07-31T12:25:08","slug":"tiger3","status":"publish","type":"page","link":"http:\/\/www.gercekyazilim.com\/index.php\/tiger3\/","title":{"rendered":"Tiger3"},"content":{"rendered":"<section class=\"wpb-content-wrapper\"><p>[vc_row][vc_column width=&#8221;1\/2&#8243;][vc_single_image image=&#8221;1809&#8243; img_size=&#8221;full&#8221; alignment=&#8221;center&#8221;][\/vc_column][vc_column width=&#8221;1\/2&#8243;][vc_column_text]<\/p>\n<h2>\u00d6zellikle yo\u011fun \u00fcretim yapan b\u00fcy\u00fck \u00f6l\u00e7ekli i\u015fletmeler i\u00e7in geli\u015ftirdi\u011fimiz Logo Tiger 3 Enterprise sayesinde i\u015f s\u00fcre\u00e7lerinizi sadele\u015ftirin, kaynaklar\u0131n\u0131z\u0131 en verimli \u015fekilde kullan\u0131n.<\/h2>\n<p>Kapsaml\u0131 \u00fcretim faaliyetleri olan orta ve b\u00fcy\u00fck \u00f6l\u00e7ekli i\u015fletmelere y\u00f6nelik Logo Tiger 3 Enterprise, s\u00fcre\u00e7leri kolayla\u015ft\u0131r\u0131p geni\u015f fonksiyon yelpazesiyle \u00fcretim s\u00fcre\u00e7lerindeki ihtiya\u00e7lar\u0131 etkili \u015fekilde kar\u015f\u0131layarak \u00fcretimde s\u00fcrd\u00fcr\u00fclebilir verimlilik sa\u011fl\u0131yor.<\/p>\n<p>Logo Tiger 3 Enterprise, \u00f6l\u00e7eklendirilebilir yap\u0131s\u0131 sayesinde zaman i\u00e7inde de\u011fi\u015fen gereksinimlere kolayca uyarlanabiliyor.<\/p>\n<p>&nbsp;<\/p>\n<p>Pratik ve uygun maliyetli y\u00f6netim<\/p>\n<p>\u00d6zellikle \u00fcretim yapan i\u015fletmelerin i\u015f s\u00fcre\u00e7lerine kalite ve verimlilik kazand\u0131ran Logo Tiger 3 Enterprise ERP, t\u00fcm operasyonlar\u0131n pratik bir \u015fekilde ve uygun maliyetlerle y\u00f6netilmesini sa\u011fl\u0131yor. Birimler aras\u0131 bilgi ak\u0131\u015f\u0131 do\u011fru ve g\u00fcncel verilerle sa\u011flan\u0131rken, karma\u015f\u0131k i\u015f s\u00fcre\u00e7leri de sadele\u015ftirilip d\u00fczenleniyor.<\/p>\n<p>&nbsp;<\/p>\n<p>Tek noktadan eri\u015fim<\/p>\n<p>Logo Tiger 3 Enterprise ile tedarik s\u00fcre\u00e7lerinden m\u00fc\u015fteri ili\u015fkileri y\u00f6netimine kadar t\u00fcm faaliyetler tek noktadan ve tutarl\u0131 \u015fekilde y\u00fcr\u00fct\u00fclebiliyor. B\u00f6ylece i\u015fletmenin s\u00fcrd\u00fcr\u00fclebilir performans\u0131nda geli\u015fme kaydediliyor. Yine tek noktadan eri\u015fim sayesinde kullan\u0131c\u0131lar aras\u0131nda e\u015f zamanl\u0131 ileti\u015fim sa\u011flanabildi\u011fi i\u00e7in zamandan ve gereksiz ileti\u015fim trafi\u011finden de tasarruf ediliyor.<\/p>\n<p>&nbsp;<\/p>\n<p>Esnek \u00e7\u00f6z\u00fcm<\/p>\n<p>Logo Tiger 3 Enterprise, bir\u00e7ok ihtiyaca yan\u0131t sunan standart mod\u00fcllerinin yan\u0131 s\u0131ra, farkl\u0131 sekt\u00f6rlerdeki i\u015fletmelere \u00f6zel \u00e7\u00f6z\u00fcmlerin bulunabilece\u011fi opsiyonel mod\u00fcller de sunuyor. Bu sayede, orta ve b\u00fcy\u00fck \u00f6l\u00e7ekli t\u00fcm i\u015fletmeler kendileri i\u00e7in en uygun ERP paketini olu\u015fturabiliyor.[\/vc_column_text][\/vc_column][\/vc_row]<\/p>\n<\/section>","protected":false},"excerpt":{"rendered":"<p>[vc_row][vc_column width=&#8221;1\/2&#8243;][vc_single_image image=&#8221;1809&#8243; img_size=&#8221;full&#8221; alignment=&#8221;center&#8221;][\/vc_column][vc_column width=&#8221;1\/2&#8243;][vc_column_text] \u00d6zellikle yo\u011fun \u00fcretim yapan b\u00fcy\u00fck \u00f6l\u00e7ekli i\u015fletmeler i\u00e7in geli\u015ftirdi\u011fimiz Logo Tiger 3 Enterprise sayesinde i\u015f s\u00fcre\u00e7lerinizi sadele\u015ftirin, kaynaklar\u0131n\u0131z\u0131 en verimli \u015fekilde kullan\u0131n. Kapsaml\u0131 \u00fcretim faaliyetleri olan orta ve b\u00fcy\u00fck \u00f6l\u00e7ekli i\u015fletmelere y\u00f6nelik Logo Tiger 3 Enterprise, s\u00fcre\u00e7leri kolayla\u015ft\u0131r\u0131p geni\u015f fonksiyon yelpazesiyle \u00fcretim s\u00fcre\u00e7lerindeki ihtiya\u00e7lar\u0131 etkili \u015fekilde kar\u015f\u0131layarak \u00fcretimde s\u00fcrd\u00fcr\u00fclebilir [&hellip;]<\/p>\n","protected":false},"author":1,"featured_media":0,"parent":0,"menu_order":0,"comment_status":"closed","ping_status":"closed","template":"","meta":{"om_disable_all_campaigns":false,"_monsterinsights_skip_tracking":false,"_monsterinsights_sitenote_active":false,"_monsterinsights_sitenote_note":"","_monsterinsights_sitenote_category":0,"footnotes":""},"class_list":["post-1731","page","type-page","status-publish","hentry"],"acf":[],"aioseo_notices":[],"_links":{"self":[{"href":"http:\/\/www.gercekyazilim.com\/index.php\/wp-json\/wp\/v2\/pages\/1731","targetHints":{"allow":["GET"]}}],"collection":[{"href":"http:\/\/www.gercekyazilim.com\/index.php\/wp-json\/wp\/v2\/pages"}],"about":[{"href":"http:\/\/www.gercekyazilim.com\/index.php\/wp-json\/wp\/v2\/types\/page"}],"author":[{"embeddable":true,"href":"http:\/\/www.gercekyazilim.com\/index.php\/wp-json\/wp\/v2\/users\/1"}],"replies":[{"embeddable":true,"href":"http:\/\/www.gercekyazilim.com\/index.php\/wp-json\/wp\/v2\/comments?post=1731"}],"version-history":[{"count":3,"href":"http:\/\/www.gercekyazilim.com\/index.php\/wp-json\/wp\/v2\/pages\/1731\/revisions"}],"predecessor-version":[{"id":1810,"href":"http:\/\/www.gercekyazilim.com\/index.php\/wp-json\/wp\/v2\/pages\/1731\/revisions\/1810"}],"wp:attachment":[{"href":"http:\/\/www.gercekyazilim.com\/index.php\/wp-json\/wp\/v2\/media?parent=1731"}],"curies":[{"name":"wp","href":"https:\/\/api.w.org\/{rel}","templated":true}]}}