{"id":1739,"date":"2023-07-29T13:51:54","date_gmt":"2023-07-29T10:51:54","guid":{"rendered":"https:\/\/www.gercekyazilim.com\/?page_id=1739"},"modified":"2024-03-01T20:54:15","modified_gmt":"2024-03-01T17:54:15","slug":"logo-entegrasyonu","status":"publish","type":"page","link":"http:\/\/www.gercekyazilim.com\/index.php\/logo-entegrasyonu\/","title":{"rendered":"Logo Entegrasyonu"},"content":{"rendered":"<section class=\"wpb-content-wrapper\"><p>[vc_row][vc_column][vc_column_text css_animation=&#8221;none&#8221;]<\/p>\n<ul>\n<li><a title=\"E-ticaret Entegrasyonu\" href=\"https:\/\/www.gercekyazilim.com\/index.php\/e-ticaret-entegrasyonu\/\">E-ticaret Entegrasyonu<\/a><\/li>\n<li><a title=\"Depo Y\u00f6netimi\" href=\"https:\/\/www.gercekyazilim.com\/index.php\/depo-yonetimi\/\">Depo Y\u00f6netimi<\/a><\/li>\n<li style=\"text-align: left;\"><a title=\"S\u0131cak Sat\u0131\u015f\" href=\"https:\/\/www.gercekyazilim.com\/index.php\/sicak-satis\/\">S\u0131cak Sat\u0131\u015f<\/a><\/li>\n<li><a title=\"Site Y\u00f6netimi &amp; Online \u00d6deme\" href=\"https:\/\/www.gercekyazilim.com\/index.php\/site-yonetimi-online-odeme\/\">Site Y\u00f6netimi &amp; Online \u00d6deme<\/a><\/li>\n<li><a title=\"Trendyol\" href=\"https:\/\/www.gercekyazilim.com\/index.php\/trendyol\/\">Trendyol<\/a><\/li>\n<li><a title=\"Hepsi Burada\" href=\"https:\/\/www.gercekyazilim.com\/index.php\/hepsi-burada\/\">Hepsi Burada<\/a><\/li>\n<li><a title=\"Amazon\" href=\"https:\/\/www.gercekyazilim.com\/index.php\/amazon\/\">Amazon<\/a><\/li>\n<\/ul>\n<p>[\/vc_column_text][\/vc_column][\/vc_row]<\/p>\n<\/section>","protected":false},"excerpt":{"rendered":"<p>[vc_row][vc_column][vc_column_text css_animation=&#8221;none&#8221;] E-ticaret Entegrasyonu Depo Y\u00f6netimi S\u0131cak Sat\u0131\u015f Site Y\u00f6netimi &amp; Online \u00d6deme Trendyol Hepsi Burada Amazon [\/vc_column_text][\/vc_column][\/vc_row]<\/p>\n","protected":false},"author":1,"featured_media":0,"parent":0,"menu_order":0,"comment_status":"closed","ping_status":"closed","template":"","meta":{"om_disable_all_campaigns":false,"_monsterinsights_skip_tracking":false,"_monsterinsights_sitenote_active":false,"_monsterinsights_sitenote_note":"","_monsterinsights_sitenote_category":0,"footnotes":""},"class_list":["post-1739","page","type-page","status-publish","hentry"],"acf":[],"aioseo_notices":[],"_links":{"self":[{"href":"http:\/\/www.gercekyazilim.com\/index.php\/wp-json\/wp\/v2\/pages\/1739","targetHints":{"allow":["GET"]}}],"collection":[{"href":"http:\/\/www.gercekyazilim.com\/index.php\/wp-json\/wp\/v2\/pages"}],"about":[{"href":"http:\/\/www.gercekyazilim.com\/index.php\/wp-json\/wp\/v2\/types\/page"}],"author":[{"embeddable":true,"href":"http:\/\/www.gercekyazilim.com\/index.php\/wp-json\/wp\/v2\/users\/1"}],"replies":[{"embeddable":true,"href":"http:\/\/www.gercekyazilim.com\/index.php\/wp-json\/wp\/v2\/comments?post=1739"}],"version-history":[{"count":4,"href":"http:\/\/www.gercekyazilim.com\/index.php\/wp-json\/wp\/v2\/pages\/1739\/revisions"}],"predecessor-version":[{"id":2175,"href":"http:\/\/www.gercekyazilim.com\/index.php\/wp-json\/wp\/v2\/pages\/1739\/revisions\/2175"}],"wp:attachment":[{"href":"http:\/\/www.gercekyazilim.com\/index.php\/wp-json\/wp\/v2\/media?parent=1739"}],"curies":[{"name":"wp","href":"https:\/\/api.w.org\/{rel}","templated":true}]}}