{"id":1743,"date":"2023-07-29T13:51:54","date_gmt":"2023-07-29T10:51:54","guid":{"rendered":"https:\/\/www.gercekyazilim.com\/?page_id=1743"},"modified":"2023-08-05T10:52:49","modified_gmt":"2023-08-05T07:52:49","slug":"sicak-satis","status":"publish","type":"page","link":"http:\/\/www.gercekyazilim.com\/index.php\/sicak-satis\/","title":{"rendered":"S\u0131cak Sat\u0131\u015f"},"content":{"rendered":"<section class=\"wpb-content-wrapper\"><p>[vc_row][vc_column width=&#8221;1\/2&#8243;][vc_single_image image=&#8221;1980&#8243; img_size=&#8221;FULL&#8221; alignment=&#8221;center&#8221;][\/vc_column][vc_column width=&#8221;1\/2&#8243;][vc_column_text]<\/p>\n<h2>LogoEntegrasyon saha sat\u0131\u015f program\u0131 \u00e7\u00f6z\u00fcm\u00fcyle sat\u0131\u015f verimlili\u011fini art\u0131r\u0131rken m\u00fc\u015fteri taleplerini de en iyi \u015fekilde kar\u015f\u0131lay\u0131n!<\/h2>\n<p>\u0130\u015fletmenize dair sat\u0131\u015f operasyonlar\u0131n\u0131 etkili bir \u015fekilde y\u00f6netmek i\u00e7in LogoEntegrasyon Saha Sat\u0131\u015f Y\u00f6netimi\u2019ni kullanabilirsiniz. LogoEntegrasyon\u00a0<strong>saha sat\u0131\u015f programlar\u0131<\/strong>\u00a0sayesinde i\u015fletmeler sat\u0131\u015fa dair operasyonel s\u00fcre\u00e7lerini etkili bir \u015fekilde y\u00f6netebiliyor ve \u015firketin k\u00e2r oran\u0131n\u0131 \u00f6nemli derecelerde art\u0131rabiliyor. S\u0131cak sat\u0131\u015f program\u0131 olarak da adland\u0131r\u0131lan LogoEntegrasyon\u00a0<strong>Saha Sat\u0131\u015f programlar\u0131<\/strong>, m\u00fc\u015fteri talepleri ve operasyonel s\u00fcrecin tek noktadan etkin \u015fekilde y\u00f6netimini sa\u011fl\u0131yor.<\/p>\n<h2>Saha Sat\u0131\u015f programlar\u0131 nedir?<\/h2>\n<p>LogoEntegrasyon\u00a0<strong>Saha Sat\u0131\u015f programlar\u0131<\/strong>, sahada yer alan ekipler ve sat\u0131\u015f yapan i\u015fletmeler aras\u0131ndaki s\u00fcreci merkezi olarak kontrol etmenizi sa\u011flayan bir y\u00f6netim \u015feklidir. M\u00fc\u015fteriden al\u0131nan sipari\u015fler, yap\u0131lan tahsilatlar gibi sat\u0131\u015fa y\u00f6nelik t\u00fcm y\u00f6netim s\u00fcre\u00e7lerini\u00a0<strong>Saha Sat\u0131\u015f programlar\u0131<\/strong>\u00a0\u00e7\u00f6z\u00fcmleri sayesinde kolay bir \u015fekilde s\u00fcrd\u00fcrebilirsiniz. Saha sat\u0131\u015f otomasyonuyla da t\u00fcm saha y\u00f6netimi s\u00fcre\u00e7lerinizi dijital ortamda ger\u00e7ekle\u015ftirebilirsiniz. Ayr\u0131ca\u00a0<a href=\"https:\/\/www.logo.com.tr\/kategori\/saha-satis-yonetimi#\/blog\/blog-detay\/satista-basari-icin-dikkat-edilmesi-gerekenler\">sat\u0131\u015fta ba\u015far\u0131 i\u00e7in dikkat edilmesi gerekenler<\/a>\u00a0ba\u015fl\u0131kl\u0131 yaz\u0131m\u0131z\u0131 incelemeden ge\u00e7meyin!<\/p>\n<p>Sat\u0131\u015f ekipleri ile depo aras\u0131ndaki koordinasyonu sa\u011flayan\u00a0<strong>saha sat\u0131\u015f programlar\u0131<\/strong>, s\u00fcre\u00e7lerin anl\u0131k stok bilgilerine g\u00f6re daha sa\u011fl\u0131kl\u0131 ve kolay y\u00fcr\u00fct\u00fclmesine yard\u0131mc\u0131 oluyor. Ekiplere dair rota belirleme i\u015flemini merkezden y\u00f6netebilir, bu \u015fekilde etkili ara\u00e7 takibi yapabilirsiniz. Bu sayede saha sat\u0131\u015f operasyonlar\u0131ndaki maliyetler de azal\u0131yor ve ekip daha verimli y\u00f6netilebiliyor.<\/p>\n<h2>Saha Sat\u0131\u015f programlar\u0131 \u00f6zellikleri nelerdir?<\/h2>\n<ul>\n<li>Logo\u2019nun kolay aray\u00fcze sahip Saha Sat\u0131\u015f program\u0131\u2019n\u0131 kullanarak i\u015fletme b\u00fcnyesinde yer alan ilgili ekiplerin saha y\u00f6netimi s\u00fcre\u00e7lerine \u00e7ok daha h\u0131zl\u0131 adapte olmas\u0131n\u0131 sa\u011flayabilirsiniz.<\/li>\n<li>Fatura tasar\u0131m arac\u0131n\u0131 kullanarak i\u015fletmenize \u00f6zel en uygun fatura tasar\u0131m\u0131n\u0131 olu\u015fturabilirsiniz.<\/li>\n<li>LogoEntegrasyon\u00a0<strong>saha sat\u0131\u015f programlar\u0131<\/strong>, Bluetooth ba\u011flant\u0131l\u0131 yaz\u0131c\u0131lar ile ba\u011flant\u0131 kurabildi\u011fi i\u00e7in ara\u00e7 i\u00e7inde bile fatura, sipari\u015f, tahsilat makbuzu basma i\u015flemlerini ger\u00e7ekle\u015ftirebilirsiniz.<\/li>\n<li>LogoEntegrasyon b\u00fcnyesindeki tasar\u0131m arac\u0131 ile i\u015fletmenin kendi ihtiya\u00e7lar\u0131na uygun ki\u015fiselle\u015ftirilmi\u015f rapor haz\u0131rlayabilmeniz m\u00fcmk\u00fcn. Bu raporlar\u0131 h\u0131zl\u0131 bir \u015fekilde olu\u015fturduktan sonra m\u00fc\u015fteriye sunabilirsiniz. Yine LogoEntegrasyon \u00fczerinden i\u015fletmeye ait \u00fcr\u00fcnler ile rakiplerin \u00fcr\u00fcnleri hakk\u0131nda bulunurluk, raftaki ya da stoktaki \u00fcr\u00fcn miktar\u0131 ve fiyat bilgilerine ula\u015f\u0131p raporlayabilirsiniz.<\/li>\n<\/ul>\n<h2>Saha Sat\u0131\u015f program\u0131 size neler kazand\u0131r\u0131r?<\/h2>\n<p>\u00d6zelle\u015ftirilen raporlama yetene\u011fi LogoEntegrasyon saha sat\u0131\u015f \u00a0programlar\u0131 arac\u0131l\u0131\u011f\u0131yla ekiplerle ileti\u015fim halindeyken sat\u0131\u015f raporu haz\u0131rlama \u00f6zelli\u011fini kullanabilirsiniz.\u00a0<strong>Saha sat\u0131\u015f programlar\u0131<\/strong>\u00a0sayesinde anl\u0131k stok bilgilerine de ula\u015fabilirsiniz. Ayr\u0131ca diledi\u011finiz yerde fatura bas\u0131m i\u015flemi yapabilmenize de imkan tan\u0131yor. Ara\u00e7 takibi \u00f6zelli\u011fi sayesinde sat\u0131\u015f yetkililerinin konum bilgilerini de takip edebilmeniz m\u00fcmk\u00fcn hale geliyor. Logo\u00a0<strong>Saha Sat\u0131\u015f program\u0131<\/strong>\u00a0ile operasyon maliyetlerini de d\u00fc\u015f\u00fcrebilirsiniz. T\u00fcm bunlar\u0131n yan\u0131nda m\u00fc\u015fteriye \u00f6zel ya da anl\u0131k indirim ve kampanya imkanlar\u0131ndan da faydalanabilirsiniz.<\/p>\n<p>&nbsp;[\/vc_column_text][\/vc_column][\/vc_row]<\/p>\n<\/section>","protected":false},"excerpt":{"rendered":"<p>[vc_row][vc_column width=&#8221;1\/2&#8243;][vc_single_image image=&#8221;1980&#8243; img_size=&#8221;FULL&#8221; alignment=&#8221;center&#8221;][\/vc_column][vc_column width=&#8221;1\/2&#8243;][vc_column_text] LogoEntegrasyon saha sat\u0131\u015f program\u0131 \u00e7\u00f6z\u00fcm\u00fcyle sat\u0131\u015f verimlili\u011fini art\u0131r\u0131rken m\u00fc\u015fteri taleplerini de en iyi \u015fekilde kar\u015f\u0131lay\u0131n! \u0130\u015fletmenize dair sat\u0131\u015f operasyonlar\u0131n\u0131 etkili bir \u015fekilde y\u00f6netmek i\u00e7in LogoEntegrasyon Saha Sat\u0131\u015f Y\u00f6netimi\u2019ni kullanabilirsiniz. LogoEntegrasyon\u00a0saha sat\u0131\u015f programlar\u0131\u00a0sayesinde i\u015fletmeler sat\u0131\u015fa dair operasyonel s\u00fcre\u00e7lerini etkili bir \u015fekilde y\u00f6netebiliyor ve \u015firketin k\u00e2r oran\u0131n\u0131 \u00f6nemli derecelerde art\u0131rabiliyor. S\u0131cak [&hellip;]<\/p>\n","protected":false},"author":1,"featured_media":0,"parent":0,"menu_order":0,"comment_status":"closed","ping_status":"closed","template":"","meta":{"om_disable_all_campaigns":false,"_monsterinsights_skip_tracking":false,"_monsterinsights_sitenote_active":false,"_monsterinsights_sitenote_note":"","_monsterinsights_sitenote_category":0,"footnotes":""},"class_list":["post-1743","page","type-page","status-publish","hentry"],"acf":[],"aioseo_notices":[],"_links":{"self":[{"href":"http:\/\/www.gercekyazilim.com\/index.php\/wp-json\/wp\/v2\/pages\/1743","targetHints":{"allow":["GET"]}}],"collection":[{"href":"http:\/\/www.gercekyazilim.com\/index.php\/wp-json\/wp\/v2\/pages"}],"about":[{"href":"http:\/\/www.gercekyazilim.com\/index.php\/wp-json\/wp\/v2\/types\/page"}],"author":[{"embeddable":true,"href":"http:\/\/www.gercekyazilim.com\/index.php\/wp-json\/wp\/v2\/users\/1"}],"replies":[{"embeddable":true,"href":"http:\/\/www.gercekyazilim.com\/index.php\/wp-json\/wp\/v2\/comments?post=1743"}],"version-history":[{"count":2,"href":"http:\/\/www.gercekyazilim.com\/index.php\/wp-json\/wp\/v2\/pages\/1743\/revisions"}],"predecessor-version":[{"id":1981,"href":"http:\/\/www.gercekyazilim.com\/index.php\/wp-json\/wp\/v2\/pages\/1743\/revisions\/1981"}],"wp:attachment":[{"href":"http:\/\/www.gercekyazilim.com\/index.php\/wp-json\/wp\/v2\/media?parent=1743"}],"curies":[{"name":"wp","href":"https:\/\/api.w.org\/{rel}","templated":true}]}}