{"id":1745,"date":"2023-07-29T13:51:54","date_gmt":"2023-07-29T10:51:54","guid":{"rendered":"https:\/\/www.gercekyazilim.com\/?page_id=1745"},"modified":"2023-08-05T11:50:57","modified_gmt":"2023-08-05T08:50:57","slug":"hepsi-burada","status":"publish","type":"page","link":"http:\/\/www.gercekyazilim.com\/index.php\/hepsi-burada\/","title":{"rendered":"Hepsi Burada"},"content":{"rendered":"<section class=\"wpb-content-wrapper\"><p>[vc_row][vc_column width=&#8221;1\/2&#8243;][vc_single_image image=&#8221;1987&#8243; img_size=&#8221;full&#8221; alignment=&#8221;center&#8221;][\/vc_column][vc_column width=&#8221;1\/2&#8243;][vc_column_text]<\/p>\n<h1>Entegrasyon \u0130le Yap\u0131labilecek \u0130\u015flemler<\/h1>\n<p>Entegrasyon \u00fczerinden a\u015fa\u011f\u0131daki i\u015flemleri ger\u00e7ekle\u015ftirebilirsiniz;<\/p>\n<ul>\n<li>\u00dcr\u00fcn Aktar\u0131m\u0131<\/li>\n<li>\u00dcr\u00fcn G\u00fcncelleme<\/li>\n<li>Stok &amp; Fiyat G\u00fcncelleme<\/li>\n<li>Sipari\u015f \u00c7ekme<\/li>\n<li>Sipari\u015f Stat\u00fc Bildirimleri<\/li>\n<li>Sipari\u015f \u0130ptali<\/li>\n<li>Paket B\u00f6lme<\/li>\n<li>Kargo Takip Kodu Bildirme<\/li>\n<li>Kargo Firmas\u0131 De\u011fi\u015ftirme<\/li>\n<li>Fatura G\u00f6nderimi<\/li>\n<li>\u0130ade Sipari\u015fleri \u00c7ekme<\/li>\n<li>\u0130ade Talebi Olu\u015fturma<\/li>\n<li>\u0130ade Onay\/Red<\/li>\n<li>Cari Hesap Ekstresi Entegrasyonu<\/li>\n<li>Soru &amp; Cevap Entegrasyonu<\/li>\n<\/ul>\n<p><strong><br \/>\nEntegrasyon \u00dczerinden Stok &amp; Fiyat \u0130\u015flemleri:<\/p>\n<p><\/strong>API servisleri arac\u0131l\u0131\u011f\u0131 ile talep etti\u011finiz barkodun stok &amp; fiyat bilgilerini kendi sisteminizden Hepsiburada\u2019ya g\u00f6ndererek anl\u0131k olarak g\u00fcncelleyebilirsiniz.<\/p>\n<p>Bu sayede birden fazla platformla \u00e7al\u0131\u015ft\u0131\u011f\u0131n\u0131z durumda stok ve fiyatlar\u0131n\u0131z\u0131 t\u00fcm platformlarda g\u00fcncel tutarak stok fazlas\u0131 sat\u0131\u015f\u0131 engelleyebilirsiniz.[\/vc_column_text][\/vc_column][\/vc_row]<\/p>\n<\/section>","protected":false},"excerpt":{"rendered":"<p>[vc_row][vc_column width=&#8221;1\/2&#8243;][vc_single_image image=&#8221;1987&#8243; img_size=&#8221;full&#8221; alignment=&#8221;center&#8221;][\/vc_column][vc_column width=&#8221;1\/2&#8243;][vc_column_text] Entegrasyon \u0130le Yap\u0131labilecek \u0130\u015flemler Entegrasyon \u00fczerinden a\u015fa\u011f\u0131daki i\u015flemleri ger\u00e7ekle\u015ftirebilirsiniz; \u00dcr\u00fcn Aktar\u0131m\u0131 \u00dcr\u00fcn G\u00fcncelleme Stok &amp; Fiyat G\u00fcncelleme Sipari\u015f \u00c7ekme Sipari\u015f Stat\u00fc Bildirimleri Sipari\u015f \u0130ptali Paket B\u00f6lme Kargo Takip Kodu Bildirme Kargo Firmas\u0131 De\u011fi\u015ftirme Fatura G\u00f6nderimi \u0130ade Sipari\u015fleri \u00c7ekme \u0130ade Talebi Olu\u015fturma \u0130ade Onay\/Red Cari Hesap Ekstresi Entegrasyonu Soru &amp; [&hellip;]<\/p>\n","protected":false},"author":1,"featured_media":0,"parent":0,"menu_order":0,"comment_status":"closed","ping_status":"closed","template":"","meta":{"om_disable_all_campaigns":false,"_monsterinsights_skip_tracking":false,"_monsterinsights_sitenote_active":false,"_monsterinsights_sitenote_note":"","_monsterinsights_sitenote_category":0,"footnotes":""},"class_list":["post-1745","page","type-page","status-publish","hentry"],"acf":[],"aioseo_notices":[],"_links":{"self":[{"href":"http:\/\/www.gercekyazilim.com\/index.php\/wp-json\/wp\/v2\/pages\/1745","targetHints":{"allow":["GET"]}}],"collection":[{"href":"http:\/\/www.gercekyazilim.com\/index.php\/wp-json\/wp\/v2\/pages"}],"about":[{"href":"http:\/\/www.gercekyazilim.com\/index.php\/wp-json\/wp\/v2\/types\/page"}],"author":[{"embeddable":true,"href":"http:\/\/www.gercekyazilim.com\/index.php\/wp-json\/wp\/v2\/users\/1"}],"replies":[{"embeddable":true,"href":"http:\/\/www.gercekyazilim.com\/index.php\/wp-json\/wp\/v2\/comments?post=1745"}],"version-history":[{"count":3,"href":"http:\/\/www.gercekyazilim.com\/index.php\/wp-json\/wp\/v2\/pages\/1745\/revisions"}],"predecessor-version":[{"id":1990,"href":"http:\/\/www.gercekyazilim.com\/index.php\/wp-json\/wp\/v2\/pages\/1745\/revisions\/1990"}],"wp:attachment":[{"href":"http:\/\/www.gercekyazilim.com\/index.php\/wp-json\/wp\/v2\/media?parent=1745"}],"curies":[{"name":"wp","href":"https:\/\/api.w.org\/{rel}","templated":true}]}}