{"id":1746,"date":"2023-07-29T13:51:54","date_gmt":"2023-07-29T10:51:54","guid":{"rendered":"https:\/\/www.gercekyazilim.com\/?page_id=1746"},"modified":"2024-04-16T23:39:41","modified_gmt":"2024-04-16T20:39:41","slug":"amazon","status":"publish","type":"page","link":"http:\/\/www.gercekyazilim.com\/index.php\/amazon\/","title":{"rendered":"Amazon Ger\u00e7ek yaz\u0131l\u0131m Pazaryeri Entegrasyonlar\u0131"},"content":{"rendered":"<section class=\"wpb-content-wrapper\"><p><span style=\"vertical-align: inherit;\"><span style=\"vertical-align: inherit;\"><span style=\"vertical-align: inherit;\"><span style=\"vertical-align: inherit;\"><span style=\"vertical-align: inherit;\"><span style=\"vertical-align: inherit;\">[vc_row][vc_column geni\u015fli\u011fi = &#8220;1\/2&#8221;]<\/span><\/span><\/span><\/span><\/span><\/span><\/p>\n<h1>Entegrasyon \u0130le Yap\u0131labilecek \u0130\u015flemler<\/h1>\n<p>Entegrasyon \u00fczerinden a\u015fa\u011f\u0131daki i\u015flemleri ger\u00e7ekle\u015ftirebilirsiniz;<\/p>\n<ul>\n<li>\u00dcr\u00fcn Aktar\u0131m\u0131<\/li>\n<li>\u00dcr\u00fcn G\u00fcncelleme<\/li>\n<li>Stok &amp; Fiyat G\u00fcncelleme<\/li>\n<li>Sipari\u015f \u00c7ekme<\/li>\n<li>Sipari\u015f Stat\u00fc Bildirimleri<\/li>\n<li>Sipari\u015f \u0130ptali<\/li>\n<li>Paket B\u00f6lme<\/li>\n<li>Kargo Takip Kodu Bildirme<\/li>\n<li>Kargo Firmas\u0131 De\u011fi\u015ftirme<\/li>\n<li>Fatura G\u00f6nderimi<\/li>\n<li>\u0130ade Sipari\u015fleri \u00c7ekme<\/li>\n<li>\u0130ade Talebi Olu\u015fturma<\/li>\n<li>\u0130ade Onay\/Red<\/li>\n<li>Cari Hesap Ekstresi Entegrasyonu<\/li>\n<li>Soru &amp; Cevap Entegrasyonu<\/li>\n<\/ul>\n<p><strong><br \/>\nEntegrasyon \u00dczerinden Stok &amp; Fiyat \u0130\u015flemleri:<\/strong><\/p>\n<p>API servisleri arac\u0131l\u0131\u011f\u0131 ile talep etti\u011finiz barkodun stok &amp; fiyat bilgilerini kendi sisteminizden Amazon\u2019a g\u00f6ndererek anl\u0131k olarak g\u00fcncelleyebilirsiniz.<\/p>\n<p>Bu sayede birden fazla platformla \u00e7al\u0131\u015ft\u0131\u011f\u0131n\u0131z durumda stok ve fiyatlar\u0131n\u0131z\u0131 t\u00fcm platformlarda g\u00fcncel tutarak stok fazlas\u0131 sat\u0131\u015f\u0131 engelleyebilirsiniz.[\/vc_column_text][\/vc_column][\/vc_row]<\/p>\n<\/section>","protected":false},"excerpt":{"rendered":"<p>[vc_row][vc_column geni\u015fli\u011fi = &#8220;1\/2&#8221;] Entegrasyon \u0130le Yap\u0131labilecek \u0130\u015flemler Entegrasyon \u00fczerinden a\u015fa\u011f\u0131daki i\u015flemleri ger\u00e7ekle\u015ftirebilirsiniz; \u00dcr\u00fcn Aktar\u0131m\u0131 \u00dcr\u00fcn G\u00fcncelleme Stok &amp; Fiyat G\u00fcncelleme Sipari\u015f \u00c7ekme Sipari\u015f Stat\u00fc Bildirimleri Sipari\u015f \u0130ptali Paket B\u00f6lme Kargo Takip Kodu Bildirme Kargo Firmas\u0131 De\u011fi\u015ftirme Fatura G\u00f6nderimi \u0130ade Sipari\u015fleri \u00c7ekme \u0130ade Talebi Olu\u015fturma \u0130ade Onay\/Red Cari Hesap Ekstresi Entegrasyonu Soru &amp; Cevap Entegrasyonu [&hellip;]<\/p>\n","protected":false},"author":1,"featured_media":0,"parent":0,"menu_order":0,"comment_status":"closed","ping_status":"closed","template":"","meta":{"om_disable_all_campaigns":false,"_monsterinsights_skip_tracking":false,"_monsterinsights_sitenote_active":false,"_monsterinsights_sitenote_note":"","_monsterinsights_sitenote_category":0,"footnotes":""},"class_list":["post-1746","page","type-page","status-publish","hentry"],"acf":[],"aioseo_notices":[],"_links":{"self":[{"href":"http:\/\/www.gercekyazilim.com\/index.php\/wp-json\/wp\/v2\/pages\/1746","targetHints":{"allow":["GET"]}}],"collection":[{"href":"http:\/\/www.gercekyazilim.com\/index.php\/wp-json\/wp\/v2\/pages"}],"about":[{"href":"http:\/\/www.gercekyazilim.com\/index.php\/wp-json\/wp\/v2\/types\/page"}],"author":[{"embeddable":true,"href":"http:\/\/www.gercekyazilim.com\/index.php\/wp-json\/wp\/v2\/users\/1"}],"replies":[{"embeddable":true,"href":"http:\/\/www.gercekyazilim.com\/index.php\/wp-json\/wp\/v2\/comments?post=1746"}],"version-history":[{"count":9,"href":"http:\/\/www.gercekyazilim.com\/index.php\/wp-json\/wp\/v2\/pages\/1746\/revisions"}],"predecessor-version":[{"id":2196,"href":"http:\/\/www.gercekyazilim.com\/index.php\/wp-json\/wp\/v2\/pages\/1746\/revisions\/2196"}],"wp:attachment":[{"href":"http:\/\/www.gercekyazilim.com\/index.php\/wp-json\/wp\/v2\/media?parent=1746"}],"curies":[{"name":"wp","href":"https:\/\/api.w.org\/{rel}","templated":true}]}}