{"id":1815,"date":"2023-07-31T15:50:51","date_gmt":"2023-07-31T12:50:51","guid":{"rendered":"https:\/\/www.gercekyazilim.com\/?page_id=1815"},"modified":"2023-08-04T14:18:32","modified_gmt":"2023-08-04T11:18:32","slug":"logo-go-wings-nedir","status":"publish","type":"page","link":"http:\/\/www.gercekyazilim.com\/index.php\/logo-go-wings-nedir\/","title":{"rendered":"Logo GO Wings"},"content":{"rendered":"<section class=\"wpb-content-wrapper\"><p>[vc_row][vc_column width=&#8221;1\/2&#8243;][vc_single_image image=&#8221;1827&#8243; img_size=&#8221;full&#8221; alignment=&#8221;center&#8221;][\/vc_column][vc_column width=&#8221;1\/2&#8243;][vc_column_text]<\/p>\n<h2>Orta \u00f6l\u00e7ekli bir i\u015fletmeyseniz sat\u0131\u015ftan muhasebeye, sipari\u015ften raporlamaya kadar pek \u00e7ok fonksiyonu Logo GO Wings ile web \u00fczerinden, zamandan ve mek\u00e2ndan ba\u011f\u0131ms\u0131z olarak y\u00f6netin.<\/h2>\n<p>Logo\u2019nun teknolojik bilgi birikimi ile inovasyon yetene\u011fini bir araya getirerek geli\u015ftirdi\u011fi web \u00fczerinden kullan\u0131labilen Logo GO Wings ile, KOB\u0130\u2019lerin sipari\u015ften muhasebeye kadar uzanan i\u015f s\u00fcre\u00e7leri her an her yerden anl\u0131k olarak y\u00f6netiliyor.<\/p>\n<p>U\u00e7tan uca y\u00f6netim<\/p>\n<p>\u0130\u015f s\u00fcre\u00e7lerini \u00e7ok daha kolay, pratik ve d\u00fc\u015f\u00fck maliyetlerle etkin bir \u015fekilde y\u00f6netebilmeyi sa\u011flayan Logo GO Wings, bir KOB\u0130\u2019nin m\u00fc\u015fteri memnuniyeti olu\u015fturmak i\u00e7in ihtiya\u00e7 duydu\u011fu muhasebe, sipari\u015f, stok takibi, sat\u0131\u015f, sat\u0131n alma, raporlama, bor\u00e7 takibi, \u00e7ek senet takibi, e-Devlet uygulamalar\u0131 gibi t\u00fcm i\u015f s\u00fcre\u00e7lerinin tek noktadan y\u00f6netebilmesini sa\u011fl\u0131yor.<\/p>\n<p>&nbsp;<\/p>\n<p>Zamandan ve mekandan ba\u011f\u0131ms\u0131z<\/p>\n<p>Hem masa\u00fcst\u00fc hem de web \u00fczerinden kullan\u0131labilen hybrid yap\u0131l\u0131 Logo GO Wings ile t\u00fcm s\u00fcre\u00e7lerin y\u00f6netimi zamandan ve mekandan ba\u011f\u0131ms\u0131z hale geliyor. Tablet \u00fczerinden de kullan\u0131labilmesi ile bilgilere anl\u0131k eri\u015fim sa\u011flanarak zaman tasarrufu sa\u011flan\u0131yor.<\/p>\n<p>&nbsp;<\/p>\n<p>Zenginle\u015ftirilebilir yap\u0131, esnek fiyatland\u0131rma<\/p>\n<p>KOB\u0130\u2019lerin genel ihtiya\u00e7lar\u0131na g\u00f6re tasarlanan Logo GO Wings, ayr\u0131ca i\u015fletmelere \u00f6zel gereksinimler i\u00e7in de ek \u00f6zelliklerle zenginle\u015ftirilebiliyor. B\u00f6ylece t\u00fcm KOB\u0130\u2019ler, kendileri i\u00e7in en uygun Logo GO Wings paketini olu\u015fturabiliyor. \u00dcstelik Logo GO Wings abonelik modeliyle de lisansland\u0131\u011f\u0131 i\u00e7in, esnek fiyatland\u0131rma \u00f6zelli\u011fiyle periyodik kullan\u0131c\u0131 baz\u0131nda fiyatland\u0131rma yap\u0131labiliyor.[\/vc_column_text][\/vc_column][\/vc_row]<\/p>\n<\/section>","protected":false},"excerpt":{"rendered":"<p>[vc_row][vc_column width=&#8221;1\/2&#8243;][vc_single_image image=&#8221;1827&#8243; img_size=&#8221;full&#8221; alignment=&#8221;center&#8221;][\/vc_column][vc_column width=&#8221;1\/2&#8243;][vc_column_text] Orta \u00f6l\u00e7ekli bir i\u015fletmeyseniz sat\u0131\u015ftan muhasebeye, sipari\u015ften raporlamaya kadar pek \u00e7ok fonksiyonu Logo GO Wings ile web \u00fczerinden, zamandan ve mek\u00e2ndan ba\u011f\u0131ms\u0131z olarak y\u00f6netin. Logo\u2019nun teknolojik bilgi birikimi ile inovasyon yetene\u011fini bir araya getirerek geli\u015ftirdi\u011fi web \u00fczerinden kullan\u0131labilen Logo GO Wings ile, KOB\u0130\u2019lerin sipari\u015ften muhasebeye kadar uzanan i\u015f s\u00fcre\u00e7leri [&hellip;]<\/p>\n","protected":false},"author":1,"featured_media":0,"parent":0,"menu_order":0,"comment_status":"closed","ping_status":"closed","template":"","meta":{"om_disable_all_campaigns":false,"_monsterinsights_skip_tracking":false,"_monsterinsights_sitenote_active":false,"_monsterinsights_sitenote_note":"","_monsterinsights_sitenote_category":0,"footnotes":""},"class_list":["post-1815","page","type-page","status-publish","hentry"],"acf":[],"aioseo_notices":[],"_links":{"self":[{"href":"http:\/\/www.gercekyazilim.com\/index.php\/wp-json\/wp\/v2\/pages\/1815","targetHints":{"allow":["GET"]}}],"collection":[{"href":"http:\/\/www.gercekyazilim.com\/index.php\/wp-json\/wp\/v2\/pages"}],"about":[{"href":"http:\/\/www.gercekyazilim.com\/index.php\/wp-json\/wp\/v2\/types\/page"}],"author":[{"embeddable":true,"href":"http:\/\/www.gercekyazilim.com\/index.php\/wp-json\/wp\/v2\/users\/1"}],"replies":[{"embeddable":true,"href":"http:\/\/www.gercekyazilim.com\/index.php\/wp-json\/wp\/v2\/comments?post=1815"}],"version-history":[{"count":4,"href":"http:\/\/www.gercekyazilim.com\/index.php\/wp-json\/wp\/v2\/pages\/1815\/revisions"}],"predecessor-version":[{"id":1976,"href":"http:\/\/www.gercekyazilim.com\/index.php\/wp-json\/wp\/v2\/pages\/1815\/revisions\/1976"}],"wp:attachment":[{"href":"http:\/\/www.gercekyazilim.com\/index.php\/wp-json\/wp\/v2\/media?parent=1815"}],"curies":[{"name":"wp","href":"https:\/\/api.w.org\/{rel}","templated":true}]}}