{"id":1817,"date":"2023-07-31T15:50:51","date_gmt":"2023-07-31T12:50:51","guid":{"rendered":"https:\/\/www.gercekyazilim.com\/?page_id=1817"},"modified":"2023-07-31T18:23:32","modified_gmt":"2023-07-31T15:23:32","slug":"logo-netsis-3","status":"publish","type":"page","link":"http:\/\/www.gercekyazilim.com\/index.php\/logo-netsis-3\/","title":{"rendered":"Logo Netsis 3 ?"},"content":{"rendered":"<section class=\"wpb-content-wrapper\"><p>[vc_row][vc_column width=&#8221;1\/2&#8243;][vc_single_image image=&#8221;1831&#8243; img_size=&#8221;full&#8221; alignment=&#8221;center&#8221;][\/vc_column][vc_column width=&#8221;1\/2&#8243;][vc_column_text]<\/p>\n<h2>Yerle\u015fik bir ERP sistemi \u00fczerinden t\u00fcm i\u015f s\u00fcre\u00e7lerinizi merkez\u00ee \u015fekilde y\u00f6netmenizi sa\u011flayan Logo Netsis 3 Entegre ile i\u015fletmenizde verimlili\u011fi art\u0131r\u0131n, maliyetlerinizi d\u00fc\u015f\u00fcr\u00fcn.<\/h2>\n<p>Logo Netsis 3 Entegre ile KOB\u0130&#8217;ler \u00fcretimden sipari\u015fe, muhasebe kay\u0131tlar\u0131ndan banka verilerine kadar t\u00fcm i\u015f s\u00fcre\u00e7lerini tek noktadan etkin bir \u015fekilde y\u00f6netiyor.<\/p>\n<p>Tek noktadan y\u00f6netim<\/p>\n<p>KOB\u0130&#8217;ler Logo Netsis 3 Entegre&#8217;nin yenilik\u00e7i teknolojisi sayesinde muhasebe, temel \u00fcretim, tedarik zinciri, finans, sat\u0131\u015f, stok, raporlama gibi t\u00fcm i\u015f s\u00fcre\u00e7lerini tek noktadan, kolayca y\u00f6netiyor.<\/p>\n<p>&nbsp;<\/p>\n<p>Maliyet ve rekabet avantaj\u0131<\/p>\n<p>Logo Netsis 3 Entegre kullanan i\u015fletmeler, u\u00e7tan uca y\u00f6netim sayesinde zaman ve i\u015f g\u00fcc\u00fc tasarrufu sa\u011flayarak maliyetlerini ciddi oranda d\u00fc\u015f\u00fcr\u00fcyor.[\/vc_column_text][\/vc_column][\/vc_row]<\/p>\n<\/section>","protected":false},"excerpt":{"rendered":"<p>[vc_row][vc_column width=&#8221;1\/2&#8243;][vc_single_image image=&#8221;1831&#8243; img_size=&#8221;full&#8221; alignment=&#8221;center&#8221;][\/vc_column][vc_column width=&#8221;1\/2&#8243;][vc_column_text] Yerle\u015fik bir ERP sistemi \u00fczerinden t\u00fcm i\u015f s\u00fcre\u00e7lerinizi merkez\u00ee \u015fekilde y\u00f6netmenizi sa\u011flayan Logo Netsis 3 Entegre ile i\u015fletmenizde verimlili\u011fi art\u0131r\u0131n, maliyetlerinizi d\u00fc\u015f\u00fcr\u00fcn. Logo Netsis 3 Entegre ile KOB\u0130&#8217;ler \u00fcretimden sipari\u015fe, muhasebe kay\u0131tlar\u0131ndan banka verilerine kadar t\u00fcm i\u015f s\u00fcre\u00e7lerini tek noktadan etkin bir \u015fekilde y\u00f6netiyor. Tek noktadan y\u00f6netim KOB\u0130&#8217;ler Logo [&hellip;]<\/p>\n","protected":false},"author":1,"featured_media":0,"parent":0,"menu_order":0,"comment_status":"closed","ping_status":"closed","template":"","meta":{"om_disable_all_campaigns":false,"_monsterinsights_skip_tracking":false,"_monsterinsights_sitenote_active":false,"_monsterinsights_sitenote_note":"","_monsterinsights_sitenote_category":0,"footnotes":""},"class_list":["post-1817","page","type-page","status-publish","hentry"],"acf":[],"aioseo_notices":[],"_links":{"self":[{"href":"http:\/\/www.gercekyazilim.com\/index.php\/wp-json\/wp\/v2\/pages\/1817","targetHints":{"allow":["GET"]}}],"collection":[{"href":"http:\/\/www.gercekyazilim.com\/index.php\/wp-json\/wp\/v2\/pages"}],"about":[{"href":"http:\/\/www.gercekyazilim.com\/index.php\/wp-json\/wp\/v2\/types\/page"}],"author":[{"embeddable":true,"href":"http:\/\/www.gercekyazilim.com\/index.php\/wp-json\/wp\/v2\/users\/1"}],"replies":[{"embeddable":true,"href":"http:\/\/www.gercekyazilim.com\/index.php\/wp-json\/wp\/v2\/comments?post=1817"}],"version-history":[{"count":2,"href":"http:\/\/www.gercekyazilim.com\/index.php\/wp-json\/wp\/v2\/pages\/1817\/revisions"}],"predecessor-version":[{"id":1832,"href":"http:\/\/www.gercekyazilim.com\/index.php\/wp-json\/wp\/v2\/pages\/1817\/revisions\/1832"}],"wp:attachment":[{"href":"http:\/\/www.gercekyazilim.com\/index.php\/wp-json\/wp\/v2\/media?parent=1817"}],"curies":[{"name":"wp","href":"https:\/\/api.w.org\/{rel}","templated":true}]}}