{"id":1818,"date":"2023-07-31T15:50:51","date_gmt":"2023-07-31T12:50:51","guid":{"rendered":"https:\/\/www.gercekyazilim.com\/?page_id=1818"},"modified":"2023-07-31T16:12:14","modified_gmt":"2023-07-31T13:12:14","slug":"logo-mali-musavir3-nedir","status":"publish","type":"page","link":"http:\/\/www.gercekyazilim.com\/index.php\/logo-mali-musavir3-nedir\/","title":{"rendered":"Logo Mali M\u00fc\u015favir3 Nedir?"},"content":{"rendered":"<section class=\"wpb-content-wrapper\"><p>[vc_row][vc_column width=&#8221;1\/2&#8243;][vc_single_image image=&#8221;1829&#8243; img_size=&#8221;full&#8221; alignment=&#8221;center&#8221;][\/vc_column][vc_column width=&#8221;1\/2&#8243;][vc_column_text]<\/p>\n<h2>Serbest Muhasebeci Mali M\u00fc\u015favirler i\u00e7in geli\u015ftirdi\u011fimiz Logo Mali M\u00fc\u015favir 3 ile g\u00fcncel mevzuata uyumu garanti alt\u0131na al\u0131n, i\u015f y\u00fck\u00fcn\u00fcz\u00fc azalt\u0131n, vaktinizi daha verimli kullan\u0131n.<\/h2>\n<p>Serbest Muhasebeci Mali M\u00fc\u015favirler i\u00e7in \u00f6zel olarak tasarlanan Logo Mali M\u00fc\u015favir 3, sundu\u011fu tam \u00e7\u00f6z\u00fcm k\u00fcmesiyle m\u00fckelleflerin e-devlet s\u00fcre\u00e7lerine h\u0131zla kat\u0131l\u0131m\u0131n\u0131 sa\u011flarken, beyannamelerden bordrolara, defter beyan s\u00fcre\u00e7lerinden b\u00fcro y\u00f6netimine kadar \u00e7ok say\u0131da mod\u00fclle de i\u015f y\u00fck\u00fcn\u00fc azalt\u0131p zaman tasarrufu kazand\u0131r\u0131yor.<\/p>\n<p>Kullan\u0131m kolayl\u0131\u011f\u0131<\/p>\n<p>Logo Mali M\u00fc\u015favir 3 kullanan Serbest Muhasebeci Mali M\u00fc\u015favirler (SMMM), hizmet verdikleri m\u00fc\u015fterilerinin t\u00fcm muhasebe i\u015flemlerini kullan\u0131m\u0131 kolay aray\u00fcz, h\u0131zl\u0131 raporlama, muhasebele\u015ftirme gibi fonksiyonlar sayesinde h\u0131zl\u0131 ve sorunsuz bir \u015fekilde ger\u00e7ekle\u015ftirebiliyor.<\/p>\n<p>&nbsp;<\/p>\n<p>Zengin mod\u00fcller<\/p>\n<p>SMMM&#8217;lerin b\u00fct\u00fcn ihtiya\u00e7lar\u0131 dikkate al\u0131narak tasarlanan ve yeni aray\u00fczle desteklenen Logo Mali M\u00fc\u015favir 3; B\u00fcro Y\u00f6netimi, Muhasebe, Sabit K\u0131ymet, Bordro, \u0130\u015fletme Defteri ve Beyanname, Defter Beyan Sistemine Entegrasyon mod\u00fclleriyle t\u00fcm muhasebe s\u00fcre\u00e7lerini u\u00e7tan uca kaps\u0131yor.[\/vc_column_text][\/vc_column][\/vc_row]<\/p>\n<\/section>","protected":false},"excerpt":{"rendered":"<p>[vc_row][vc_column width=&#8221;1\/2&#8243;][vc_single_image image=&#8221;1829&#8243; img_size=&#8221;full&#8221; alignment=&#8221;center&#8221;][\/vc_column][vc_column width=&#8221;1\/2&#8243;][vc_column_text] Serbest Muhasebeci Mali M\u00fc\u015favirler i\u00e7in geli\u015ftirdi\u011fimiz Logo Mali M\u00fc\u015favir 3 ile g\u00fcncel mevzuata uyumu garanti alt\u0131na al\u0131n, i\u015f y\u00fck\u00fcn\u00fcz\u00fc azalt\u0131n, vaktinizi daha verimli kullan\u0131n. Serbest Muhasebeci Mali M\u00fc\u015favirler i\u00e7in \u00f6zel olarak tasarlanan Logo Mali M\u00fc\u015favir 3, sundu\u011fu tam \u00e7\u00f6z\u00fcm k\u00fcmesiyle m\u00fckelleflerin e-devlet s\u00fcre\u00e7lerine h\u0131zla kat\u0131l\u0131m\u0131n\u0131 sa\u011flarken, beyannamelerden bordrolara, defter [&hellip;]<\/p>\n","protected":false},"author":1,"featured_media":0,"parent":0,"menu_order":0,"comment_status":"closed","ping_status":"closed","template":"","meta":{"om_disable_all_campaigns":false,"_monsterinsights_skip_tracking":false,"_monsterinsights_sitenote_active":false,"_monsterinsights_sitenote_note":"","_monsterinsights_sitenote_category":0,"footnotes":""},"class_list":["post-1818","page","type-page","status-publish","hentry"],"acf":[],"aioseo_notices":[],"_links":{"self":[{"href":"http:\/\/www.gercekyazilim.com\/index.php\/wp-json\/wp\/v2\/pages\/1818","targetHints":{"allow":["GET"]}}],"collection":[{"href":"http:\/\/www.gercekyazilim.com\/index.php\/wp-json\/wp\/v2\/pages"}],"about":[{"href":"http:\/\/www.gercekyazilim.com\/index.php\/wp-json\/wp\/v2\/types\/page"}],"author":[{"embeddable":true,"href":"http:\/\/www.gercekyazilim.com\/index.php\/wp-json\/wp\/v2\/users\/1"}],"replies":[{"embeddable":true,"href":"http:\/\/www.gercekyazilim.com\/index.php\/wp-json\/wp\/v2\/comments?post=1818"}],"version-history":[{"count":2,"href":"http:\/\/www.gercekyazilim.com\/index.php\/wp-json\/wp\/v2\/pages\/1818\/revisions"}],"predecessor-version":[{"id":1830,"href":"http:\/\/www.gercekyazilim.com\/index.php\/wp-json\/wp\/v2\/pages\/1818\/revisions\/1830"}],"wp:attachment":[{"href":"http:\/\/www.gercekyazilim.com\/index.php\/wp-json\/wp\/v2\/media?parent=1818"}],"curies":[{"name":"wp","href":"https:\/\/api.w.org\/{rel}","templated":true}]}}