{"id":1867,"date":"2023-08-04T12:54:27","date_gmt":"2023-08-04T09:54:27","guid":{"rendered":"https:\/\/www.gercekyazilim.com\/?page_id=1867"},"modified":"2023-08-04T13:52:47","modified_gmt":"2023-08-04T10:52:47","slug":"logo-bulut-erp","status":"publish","type":"page","link":"http:\/\/www.gercekyazilim.com\/index.php\/logo-bulut-erp\/","title":{"rendered":"Logo Bulut ERP"},"content":{"rendered":"<section class=\"wpb-content-wrapper\"><p>[vc_row][vc_column width=&#8221;1\/2&#8243;][vc_single_image image=&#8221;1942&#8243; img_size=&#8221;FULL&#8221;][\/vc_column][vc_column width=&#8221;1\/2&#8243;][vc_column_text]<\/p>\n<h1>Logo Bulut ERP<\/h1>\n<h2>\u0130\u015fletmenizin ba\u015far\u0131s\u0131 i\u00e7in mevcut kaynaklar\u0131n\u0131z\u0131 Logo Kurumsal Kaynak Planlama (ERP) \u00e7\u00f6z\u00fcmleriyle en verimli \u015fekilde y\u00f6netin.<\/h2>\n<p>Bulut ERP servisi ile muhasebeden sat\u0131\u015fa, \u00fcretimden b\u00fct\u00e7elemeye kadar t\u00fcm fonksiyonlar bulut teknolojisi ile sunuluyor. \u0130\u015flerinize istedi\u011finiz yerden ve istedi\u011finiz zamanda eri\u015fmenizi sa\u011flayan Logo bulut ERP&#8217;yi, ihtiya\u00e7lar\u0131n\u0131za g\u00f6re kolayca ve h\u0131zl\u0131 bir \u015fekilde kullanmaya ba\u015flayabilirsiniz.<\/p>\n<p>Kolayca kullanmaya ba\u015flay\u0131n, istedi\u011finiz zaman istedi\u011finiz yerden eri\u015fin<\/p>\n<p>Logo bulut ERP servisine kolayca \u00fcye olabilir, \u00fcyeli\u011finiz ba\u015flad\u0131\u011f\u0131 andan itibaren an\u0131nda kullanmaya ba\u015flayabilir ve servise her zaman her yerden eri\u015febilirsiniz.<\/p>\n<p>&nbsp;<\/p>\n<p>Maliyet avantaj\u0131 sa\u011flay\u0131n<\/p>\n<p>Herhangi bir sistem veya kurulum yat\u0131r\u0131m\u0131 gerektirmeyen ERP servisi ile sunucu ve g\u00fcvenlik maliyetleriniz ortadan kalk\u0131yor ve t\u00fcm bu hizmetler Logo taraf\u0131ndan kar\u015f\u0131lan\u0131yor.<\/p>\n<p>&nbsp;<\/p>\n<p>Kesintisiz g\u00fcncel hizmetten faydalan\u0131n<\/p>\n<p>ERP&#8217;niz bulut teknolojisi ile her zaman g\u00fcncel! Bulut bili\u015fim altyap\u0131s\u0131 ile ERP sisteminiz s\u00fcrekli g\u00fcncel kullan\u0131labiliyor ve vakit alan versiyon ge\u00e7i\u015flerine gerek kalm\u0131yor. Bu sayede i\u015fletmeniz gerekli de\u011fi\u015fikliklere ve yeniliklere kesintisiz \u015fekilde anl\u0131k olarak uyum sa\u011fl\u0131yor.<\/p>\n<p>&nbsp;<\/p>\n<p>Verilerinizin g\u00fcvenli\u011finden emin olun<\/p>\n<p>Verilerinizin g\u00fcvenli\u011fi konusunda endi\u015felenmenize hi\u00e7 gerek yok. Logo, size sundu\u011fu bulut hizmeti kapsam\u0131nda verilerinizi koruyor ve k\u00f6t\u00fc niyetli giri\u015fimlere kar\u015f\u0131 veri g\u00fcvenli\u011fi sa\u011fl\u0131yor. Beklenmedik durumlara kar\u015f\u0131 \u00f6nlem olarak haz\u0131rlanan felaket kurtarma senaryolar\u0131 sayesinde veri kayb\u0131 engelleniyor ve uygulamalar kesintisiz \u00e7al\u0131\u015f\u0131yor.<\/p>\n<p>&nbsp;<\/p>\n<p>\u0130\u015fletmenizin ihtiya\u00e7lar\u0131na h\u0131zla yan\u0131t verin<\/p>\n<p>Logo\u2019nun farkl\u0131 \u00f6l\u00e7ekteki i\u015fletmelerin ihtiya\u00e7lar\u0131na g\u00f6re \u00f6zelle\u015ftirilip \u00f6l\u00e7eklendirilebilen \u00e7e\u015fitli paket se\u00e7enekleriyle sundu\u011fu bulut ERP ile her paket ihtiyaca g\u00f6re ek fonksiyonlarla zenginle\u015ftirilebilirken kullan\u0131c\u0131 say\u0131s\u0131 da ihtiya\u00e7 do\u011frultusunda belirlenebiliyor. Ayn\u0131 zamanda ERP servisi, i\u015fletmenizin performans ihtiyac\u0131na g\u00f6re uyumlanabiliyor ve i\u015f yo\u011funlu\u011funuz artt\u0131\u011f\u0131 zaman, sistem otomatik olarak performans\u0131n\u0131 y\u00fckseltiyor.<\/p>\n<p>&nbsp;<\/p>\n<p>&nbsp;[\/vc_column_text][\/vc_column][\/vc_row]<\/p>\n<\/section>","protected":false},"excerpt":{"rendered":"<p>[vc_row][vc_column width=&#8221;1\/2&#8243;][vc_single_image image=&#8221;1942&#8243; img_size=&#8221;FULL&#8221;][\/vc_column][vc_column width=&#8221;1\/2&#8243;][vc_column_text] Logo Bulut ERP \u0130\u015fletmenizin ba\u015far\u0131s\u0131 i\u00e7in mevcut kaynaklar\u0131n\u0131z\u0131 Logo Kurumsal Kaynak Planlama (ERP) \u00e7\u00f6z\u00fcmleriyle en verimli \u015fekilde y\u00f6netin. Bulut ERP servisi ile muhasebeden sat\u0131\u015fa, \u00fcretimden b\u00fct\u00e7elemeye kadar t\u00fcm fonksiyonlar bulut teknolojisi ile sunuluyor. \u0130\u015flerinize istedi\u011finiz yerden ve istedi\u011finiz zamanda eri\u015fmenizi sa\u011flayan Logo bulut ERP&#8217;yi, ihtiya\u00e7lar\u0131n\u0131za g\u00f6re kolayca ve h\u0131zl\u0131 bir [&hellip;]<\/p>\n","protected":false},"author":1,"featured_media":0,"parent":0,"menu_order":0,"comment_status":"closed","ping_status":"closed","template":"","meta":{"om_disable_all_campaigns":false,"_monsterinsights_skip_tracking":false,"_monsterinsights_sitenote_active":false,"_monsterinsights_sitenote_note":"","_monsterinsights_sitenote_category":0,"footnotes":""},"class_list":["post-1867","page","type-page","status-publish","hentry"],"acf":[],"aioseo_notices":[],"_links":{"self":[{"href":"http:\/\/www.gercekyazilim.com\/index.php\/wp-json\/wp\/v2\/pages\/1867","targetHints":{"allow":["GET"]}}],"collection":[{"href":"http:\/\/www.gercekyazilim.com\/index.php\/wp-json\/wp\/v2\/pages"}],"about":[{"href":"http:\/\/www.gercekyazilim.com\/index.php\/wp-json\/wp\/v2\/types\/page"}],"author":[{"embeddable":true,"href":"http:\/\/www.gercekyazilim.com\/index.php\/wp-json\/wp\/v2\/users\/1"}],"replies":[{"embeddable":true,"href":"http:\/\/www.gercekyazilim.com\/index.php\/wp-json\/wp\/v2\/comments?post=1867"}],"version-history":[{"count":2,"href":"http:\/\/www.gercekyazilim.com\/index.php\/wp-json\/wp\/v2\/pages\/1867\/revisions"}],"predecessor-version":[{"id":1943,"href":"http:\/\/www.gercekyazilim.com\/index.php\/wp-json\/wp\/v2\/pages\/1867\/revisions\/1943"}],"wp:attachment":[{"href":"http:\/\/www.gercekyazilim.com\/index.php\/wp-json\/wp\/v2\/media?parent=1867"}],"curies":[{"name":"wp","href":"https:\/\/api.w.org\/{rel}","templated":true}]}}