{"id":1868,"date":"2023-08-04T12:54:27","date_gmt":"2023-08-04T09:54:27","guid":{"rendered":"https:\/\/www.gercekyazilim.com\/?page_id=1868"},"modified":"2023-08-04T13:48:01","modified_gmt":"2023-08-04T10:48:01","slug":"logo-netsis-wings-entegre","status":"publish","type":"page","link":"http:\/\/www.gercekyazilim.com\/index.php\/logo-netsis-wings-entegre\/","title":{"rendered":"Logo Netsis Wings Entegre"},"content":{"rendered":"<section class=\"wpb-content-wrapper\"><p>[vc_row][vc_column width=&#8221;1\/2&#8243;][vc_single_image image=&#8221;1938&#8243; img_size=&#8221;FULL&#8221;][\/vc_column][vc_column width=&#8221;1\/2&#8243;][vc_column_text]<\/p>\n<h1>Logo Netsis Wings Entegre<\/h1>\n<h2>Orta \u00f6l\u00e7ekli i\u015fletmelerin muhasebeden sat\u0131\u015fa kadar t\u00fcm i\u015f s\u00fcre\u00e7lerini web \u00fczerinden her an ve her yerden kolayca ula\u015fmay\u0131 sa\u011flayan Logo Netsis Wings Entegre ile i\u015finizin kontrol\u00fcn\u00fc elinize al\u0131n.<\/h2>\n<p>&nbsp;<\/p>\n<p>Logo\u2019nun teknolojik bilgi birikimi ile inovasyon yetene\u011fini bir araya getirerek geli\u015ftirdi\u011fi web \u00fczerinden kullan\u0131labilen Logo Netsis Wings Entegre ile KOB\u0130&#8217;ler \u00fcretimden sipari\u015fe, muhasebe kay\u0131tlar\u0131ndan banka verilerine kadar t\u00fcm i\u015f s\u00fcre\u00e7lerini her an her yerden anl\u0131k bir \u015fekilde y\u00f6netiyor.<\/p>\n<p>Tek noktadan y\u00f6netim<\/p>\n<p>KOB\u0130&#8217;ler Logo Netsis Wings Entegre&#8217;nin yenilik\u00e7i teknolojisi sayesinde muhasebe, temel \u00fcretim, tedarik zinciri, finans, sat\u0131\u015f, stok, raporlama gibi t\u00fcm i\u015f s\u00fcre\u00e7lerini \u00e7ok daha d\u00fc\u015f\u00fck maliyetlerle, pratik ve etkin bir \u015fekilde y\u00f6netiyor.<\/p>\n<p>&nbsp;<\/p>\n<p>Zamandan ve mekandan ba\u011f\u0131ms\u0131z<\/p>\n<p>Hem masa\u00fcst\u00fc hem de web \u00fczerinden kullan\u0131labilen hybrid yap\u0131l\u0131 Logo Netsis Wing Entegre ile t\u00fcm s\u00fcre\u00e7lerin y\u00f6netimi zamandan ve mekandan ba\u011f\u0131ms\u0131z hale geliyor. Tablet \u00fczerinden de kullan\u0131labilmesi ile bilgilere anl\u0131k eri\u015fim sa\u011flanarak zaman tasarrufu sa\u011flan\u0131yor.<\/p>\n<p>&nbsp;<\/p>\n<p>Maliyet ve rekabet avantaj\u0131<\/p>\n<p>Logo Netsis Wings Entegre kullanan i\u015fletmeler, u\u00e7tan uca y\u00f6netim sayesinde zaman ve i\u015f g\u00fcc\u00fc tasarrufu sa\u011fl\u0131yor. \u00dcstelik Logo Netsis Wings Entegre abonelik modeliyle de lisansland\u0131\u011f\u0131 i\u00e7in, esnek fiyatland\u0131rma \u00f6zelli\u011fiyle periyodik kullan\u0131c\u0131 baz\u0131nda fiyatland\u0131rma yap\u0131larak maliyetleri ciddi oranda d\u00fc\u015f\u00fcr\u00fcyor.<\/p>\n<p>&nbsp;<\/p>\n<p>&nbsp;[\/vc_column_text][\/vc_column][\/vc_row]<\/p>\n<\/section>","protected":false},"excerpt":{"rendered":"<p>[vc_row][vc_column width=&#8221;1\/2&#8243;][vc_single_image image=&#8221;1938&#8243; img_size=&#8221;FULL&#8221;][\/vc_column][vc_column width=&#8221;1\/2&#8243;][vc_column_text] Logo Netsis Wings Entegre Orta \u00f6l\u00e7ekli i\u015fletmelerin muhasebeden sat\u0131\u015fa kadar t\u00fcm i\u015f s\u00fcre\u00e7lerini web \u00fczerinden her an ve her yerden kolayca ula\u015fmay\u0131 sa\u011flayan Logo Netsis Wings Entegre ile i\u015finizin kontrol\u00fcn\u00fc elinize al\u0131n. &nbsp; Logo\u2019nun teknolojik bilgi birikimi ile inovasyon yetene\u011fini bir araya getirerek geli\u015ftirdi\u011fi web \u00fczerinden kullan\u0131labilen Logo Netsis Wings [&hellip;]<\/p>\n","protected":false},"author":1,"featured_media":0,"parent":0,"menu_order":0,"comment_status":"closed","ping_status":"closed","template":"","meta":{"om_disable_all_campaigns":false,"_monsterinsights_skip_tracking":false,"_monsterinsights_sitenote_active":false,"_monsterinsights_sitenote_note":"","_monsterinsights_sitenote_category":0,"footnotes":""},"class_list":["post-1868","page","type-page","status-publish","hentry"],"acf":[],"aioseo_notices":[],"_links":{"self":[{"href":"http:\/\/www.gercekyazilim.com\/index.php\/wp-json\/wp\/v2\/pages\/1868","targetHints":{"allow":["GET"]}}],"collection":[{"href":"http:\/\/www.gercekyazilim.com\/index.php\/wp-json\/wp\/v2\/pages"}],"about":[{"href":"http:\/\/www.gercekyazilim.com\/index.php\/wp-json\/wp\/v2\/types\/page"}],"author":[{"embeddable":true,"href":"http:\/\/www.gercekyazilim.com\/index.php\/wp-json\/wp\/v2\/users\/1"}],"replies":[{"embeddable":true,"href":"http:\/\/www.gercekyazilim.com\/index.php\/wp-json\/wp\/v2\/comments?post=1868"}],"version-history":[{"count":3,"href":"http:\/\/www.gercekyazilim.com\/index.php\/wp-json\/wp\/v2\/pages\/1868\/revisions"}],"predecessor-version":[{"id":1940,"href":"http:\/\/www.gercekyazilim.com\/index.php\/wp-json\/wp\/v2\/pages\/1868\/revisions\/1940"}],"wp:attachment":[{"href":"http:\/\/www.gercekyazilim.com\/index.php\/wp-json\/wp\/v2\/media?parent=1868"}],"curies":[{"name":"wp","href":"https:\/\/api.w.org\/{rel}","templated":true}]}}