{"id":1869,"date":"2023-08-04T12:54:27","date_gmt":"2023-08-04T09:54:27","guid":{"rendered":"https:\/\/www.gercekyazilim.com\/?page_id=1869"},"modified":"2023-08-04T13:24:02","modified_gmt":"2023-08-04T10:24:02","slug":"logo-tiger-wings","status":"publish","type":"page","link":"http:\/\/www.gercekyazilim.com\/index.php\/logo-tiger-wings\/","title":{"rendered":"Logo Tiger Wings"},"content":{"rendered":"<section class=\"wpb-content-wrapper\"><p>[vc_row][vc_column width=&#8221;1\/2&#8243;][vc_single_image image=&#8221;1935&#8243; img_size=&#8221;FULL&#8221;][\/vc_column][vc_column width=&#8221;1\/2&#8243;][vc_column_text]<\/p>\n<h1>Logo Tiger Wings<\/h1>\n<h2>Orta ve b\u00fcy\u00fck \u00f6l\u00e7ekli i\u015fletmeler i\u00e7in tasarlad\u0131\u011f\u0131m\u0131z Logo Tiger Wings ile \u00fcretim ve tedarik s\u00fcre\u00e7lerinizi de kapsayan b\u00fct\u00fcnc\u00fcl bir ERP sistemini web \u00fczerinde kurarak maliyet avantaj\u0131 elde edin.<\/h2>\n<p>Logo Tiger Wings ERP, geni\u015f mod\u00fcler yap\u0131s\u0131 ve zengin fonksiyonlar\u0131yla orta ve b\u00fcy\u00fck \u00f6l\u00e7ekli i\u015fletmelerin i\u015f s\u00fcre\u00e7lerini iyile\u015ftirmenin yan\u0131 s\u0131ra web \u00fczerinden kullan\u0131m sayesinde s\u00fcrd\u00fcr\u00fclebilir verimlili\u011fi her an, her yerde destekliyor.<\/p>\n<p>Orta ve b\u00fcy\u00fck \u00f6l\u00e7ekli i\u015fletmeler i\u00e7in web \u00fczerinden \u00e7al\u0131\u015fan alt yap\u0131<\/p>\n<p>Logo Tiger Wings, orta ve b\u00fcy\u00fck \u00f6l\u00e7ekli i\u015fletmelerin t\u00fcm faaliyetlerini tek noktadan, kolayca y\u00f6netmeyi sa\u011fl\u0131yor. Tedarik s\u00fcre\u00e7lerinden m\u00fc\u015fteri ili\u015fkileri y\u00f6netimine kadar t\u00fcm operasyonlar\u0131n merkezi ve tutarl\u0131 \u015fekilde ger\u00e7ekle\u015ftirilmesiyle i\u015f s\u00fcre\u00e7lerinde verimlilik elde ediliyor. \u00c7\u00f6z\u00fcm\u00fcn web \u00fczerinden \u00e7al\u0131\u015fan altyap\u0131s\u0131 ile ilk kurulum maliyetlerini de \u00f6nemli \u00f6l\u00e7\u00fcde d\u00fc\u015f\u00fcr\u00fcyor. B\u00f6ylece i\u015fletmeler, gereksiz i\u015f y\u00fck\u00fcnden ve maliyetlerden kurtularak rekabet avantaj\u0131na ve inovasyona kaynak ay\u0131rabiliyor.<\/p>\n<p>&nbsp;<\/p>\n<p>Zamandan ve mekandan ba\u011f\u0131ms\u0131z<\/p>\n<p>Tablet \u00fczerinden sisteme h\u0131zl\u0131 ve kolay bir \u015fekilde eri\u015fmeyi sa\u011flayan Logo Tiger Wings ile ERP zamandan ve mekandan ba\u011f\u0131ms\u0131z hale geliyor. Bilgilere anl\u0131k eri\u015fim, kullan\u0131c\u0131lar a\u00e7\u0131s\u0131ndan da \u00f6nemli zaman tasarrufu sa\u011fl\u0131yor.<\/p>\n<p>&nbsp;<\/p>\n<p>Geli\u015ftirilebilir yap\u0131, esnek fiyatland\u0131rma<\/p>\n<p>Logo Tiger Wings; d\u0131\u015f ticaretten m\u00fc\u015fteri bor\u00e7 bilgileri takibine, malzeme ihtiya\u00e7 planlamadan maliyet muhasebesine kadar pek \u00e7ok i\u015f s\u00fcrecini kapsayan zengin fonksiyonlar sunuyor. Bu gibi standart \u00f6zelliklerin yer ald\u0131\u011f\u0131 \u00e7\u00f6z\u00fcm, ihtiyaca g\u00f6re ek mod\u00fcller ve fonksiyonlarla daha da zenginle\u015ftirilebiliyor. B\u00f6ylece her i\u015fletme kendi sekt\u00f6r\u00fcne, i\u015fletme yap\u0131s\u0131na ve beklentilerine g\u00f6re bir paket olu\u015fturabiliyor. \u00dcstelik Logo Tiger Wings abonelik modeliyle lisansland\u0131\u011f\u0131 i\u00e7in, esnek fiyatland\u0131rma \u00f6zelli\u011fiyle periyodik kullan\u0131c\u0131 baz\u0131nda fiyatland\u0131rma yap\u0131labiliyor.<\/p>\n<p>&nbsp;<\/p>\n<p>Her zaman g\u00fcncel ve mevzuata uyumlu<\/p>\n<p>\u0130\u015fletmelerin hem kendi i\u00e7lerinde hem de m\u00fc\u015fterileri, i\u015f ortaklar\u0131 ve tedarik\u00e7ileriyle kesintisiz ileti\u015fim kurarak i\u015f s\u00fcre\u00e7lerinde maksimum verimlilik elde etmesini sa\u011flayan Logo Tiger Wings, ayn\u0131 zamanda de\u011fi\u015fen mevzuata uygun \u015fekilde d\u00fczenli olarak yenileniyor. B\u00f6ylece bilgi ak\u0131\u015f\u0131 do\u011fru ve g\u00fcncel verilerle sa\u011flan\u0131rken, karma\u015f\u0131k i\u015f s\u00fcre\u00e7leri sadele\u015ftirilip d\u00fczenleniyor ve yasal uyumluluk garanti alt\u0131na al\u0131n\u0131yor.<\/p>\n<p>&nbsp;<\/p>\n<p>&nbsp;[\/vc_column_text][\/vc_column][\/vc_row]<\/p>\n<\/section>","protected":false},"excerpt":{"rendered":"<p>[vc_row][vc_column width=&#8221;1\/2&#8243;][vc_single_image image=&#8221;1935&#8243; img_size=&#8221;FULL&#8221;][\/vc_column][vc_column width=&#8221;1\/2&#8243;][vc_column_text] Logo Tiger Wings Orta ve b\u00fcy\u00fck \u00f6l\u00e7ekli i\u015fletmeler i\u00e7in tasarlad\u0131\u011f\u0131m\u0131z Logo Tiger Wings ile \u00fcretim ve tedarik s\u00fcre\u00e7lerinizi de kapsayan b\u00fct\u00fcnc\u00fcl bir ERP sistemini web \u00fczerinde kurarak maliyet avantaj\u0131 elde edin. Logo Tiger Wings ERP, geni\u015f mod\u00fcler yap\u0131s\u0131 ve zengin fonksiyonlar\u0131yla orta ve b\u00fcy\u00fck \u00f6l\u00e7ekli i\u015fletmelerin i\u015f s\u00fcre\u00e7lerini iyile\u015ftirmenin yan\u0131 [&hellip;]<\/p>\n","protected":false},"author":1,"featured_media":0,"parent":0,"menu_order":0,"comment_status":"closed","ping_status":"closed","template":"","meta":{"om_disable_all_campaigns":false,"_monsterinsights_skip_tracking":false,"_monsterinsights_sitenote_active":false,"_monsterinsights_sitenote_note":"","_monsterinsights_sitenote_category":0,"footnotes":""},"class_list":["post-1869","page","type-page","status-publish","hentry"],"acf":[],"aioseo_notices":[],"_links":{"self":[{"href":"http:\/\/www.gercekyazilim.com\/index.php\/wp-json\/wp\/v2\/pages\/1869","targetHints":{"allow":["GET"]}}],"collection":[{"href":"http:\/\/www.gercekyazilim.com\/index.php\/wp-json\/wp\/v2\/pages"}],"about":[{"href":"http:\/\/www.gercekyazilim.com\/index.php\/wp-json\/wp\/v2\/types\/page"}],"author":[{"embeddable":true,"href":"http:\/\/www.gercekyazilim.com\/index.php\/wp-json\/wp\/v2\/users\/1"}],"replies":[{"embeddable":true,"href":"http:\/\/www.gercekyazilim.com\/index.php\/wp-json\/wp\/v2\/comments?post=1869"}],"version-history":[{"count":2,"href":"http:\/\/www.gercekyazilim.com\/index.php\/wp-json\/wp\/v2\/pages\/1869\/revisions"}],"predecessor-version":[{"id":1936,"href":"http:\/\/www.gercekyazilim.com\/index.php\/wp-json\/wp\/v2\/pages\/1869\/revisions\/1936"}],"wp:attachment":[{"href":"http:\/\/www.gercekyazilim.com\/index.php\/wp-json\/wp\/v2\/media?parent=1869"}],"curies":[{"name":"wp","href":"https:\/\/api.w.org\/{rel}","templated":true}]}}