{"id":1875,"date":"2023-08-04T12:54:27","date_gmt":"2023-08-04T09:54:27","guid":{"rendered":"https:\/\/www.gercekyazilim.com\/?page_id=1875"},"modified":"2023-08-04T14:06:27","modified_gmt":"2023-08-04T11:06:27","slug":"logo-j-hr","status":"publish","type":"page","link":"http:\/\/www.gercekyazilim.com\/index.php\/logo-j-hr\/","title":{"rendered":"Logo j-HR"},"content":{"rendered":"<section class=\"wpb-content-wrapper\"><p>[vc_row][vc_column width=&#8221;1\/2&#8243;][vc_single_image image=&#8221;1958&#8243; img_size=&#8221;full&#8221;][\/vc_column][vc_column width=&#8221;1\/2&#8243;][vc_column_text]<\/p>\n<h1>Logo j-HR<\/h1>\n<h2>Web \u00fczerinden kullan\u0131m sayesinde insan kaynaklar\u0131 s\u00fcre\u00e7lerinize istedi\u011finiz anda ve istedi\u011finiz yerden ula\u015fman\u0131z\u0131 sa\u011flayan Logo j-HR ile esneklik ve h\u0131z kazan\u0131n.<\/h2>\n<p>Web tabanl\u0131 yap\u0131s\u0131 sayesinde \u0130K s\u00fcre\u00e7lerine her an, her yerden eri\u015fmeyi sa\u011flayan yeni nesil \u0130K y\u00f6netimi \u00fcr\u00fcn\u00fc Logo j-HR, zamandan ve mekandan ba\u011f\u0131ms\u0131z \u00e7al\u0131\u015fma imkan\u0131 sunarak \u0130K ekiplerine ve y\u00f6neticilerine esneklik ve h\u0131z kazand\u0131r\u0131yor.<\/p>\n<p>T\u00fcm \u0130K ihtiya\u00e7lar\u0131 i\u00e7in<\/p>\n<p>Logo j-HR, insan kaynaklar\u0131 s\u00fcre\u00e7lerini dijital ortama ta\u015f\u0131mak ve ihtiya\u00e7lar\u0131na g\u00f6re uyarlamak isteyen da\u011f\u0131n\u0131k yap\u0131daki i\u015fletmelere ve kalabal\u0131k \u0130K departmanlar\u0131na etkili bir s\u00fcre\u00e7 y\u00f6netimi sa\u011fl\u0131yor.<\/p>\n<p>&nbsp;<\/p>\n<p>Zaman y\u00f6netimi<\/p>\n<p>\u00c7al\u0131\u015fan izin y\u00f6netiminden, etkinlik kay\u0131tlar\u0131na kadar t\u00fcm veriler Logo j-HR Zaman Y\u00f6netimi\u2019yle tek noktadan y\u00f6netilebiliyor. Logo j-HR Zaman Y\u00f6netimi, her kademedeki \u00e7al\u0131\u015fan\u0131n izin kay\u0131tlar\u0131n\u0131, farkl\u0131 izin tiplerine g\u00f6re kolayca olu\u015fturmay\u0131 sa\u011fl\u0131yor.<\/p>\n<p>&nbsp;<\/p>\n<p>\u0130\u015fe al\u0131m<\/p>\n<p>Kritik i\u015fe al\u0131m s\u00fcrecini en iyi \u015fekilde y\u00f6netebilmek i\u00e7in Logo j-HR \u0130\u015fe Al\u0131m Portal\u0131 ve \u0130\u015fe Al\u0131m Y\u00f6netimi, \u015firket i\u00e7i ve d\u0131\u015f\u0131ndan \u00e7al\u0131\u015fan al\u0131m\u0131n\u0131 kolayla\u015ft\u0131ran \u00e7\u00f6z\u00fcmler sunuyor.<\/p>\n<p>&nbsp;<\/p>\n<p>Otomatik puantaj takibi<\/p>\n<p>\u00c7al\u0131\u015fanlar\u0131n i\u015fe devaml\u0131l\u0131\u011f\u0131n\u0131n d\u00fczenli takip edilmesini sa\u011flayan puantaj y\u00f6netimi \u00f6zelli\u011fi sayesinde t\u00fcm s\u00fcre\u00e7ler otomatize ediliyor. G\u00fcn devam bilgisi, \u00e7al\u0131\u015fan giri\u015f \u00e7\u0131k\u0131\u015flar\u0131, izin ve molalar\u0131 kay\u0131t alt\u0131na alarak operasyonel hatalar en az seviyeye indirebiliyor.<\/p>\n<p>&nbsp;[\/vc_column_text][\/vc_column][\/vc_row]<\/p>\n<\/section>","protected":false},"excerpt":{"rendered":"<p>[vc_row][vc_column width=&#8221;1\/2&#8243;][vc_single_image image=&#8221;1958&#8243; img_size=&#8221;full&#8221;][\/vc_column][vc_column width=&#8221;1\/2&#8243;][vc_column_text] Logo j-HR Web \u00fczerinden kullan\u0131m sayesinde insan kaynaklar\u0131 s\u00fcre\u00e7lerinize istedi\u011finiz anda ve istedi\u011finiz yerden ula\u015fman\u0131z\u0131 sa\u011flayan Logo j-HR ile esneklik ve h\u0131z kazan\u0131n. Web tabanl\u0131 yap\u0131s\u0131 sayesinde \u0130K s\u00fcre\u00e7lerine her an, her yerden eri\u015fmeyi sa\u011flayan yeni nesil \u0130K y\u00f6netimi \u00fcr\u00fcn\u00fc Logo j-HR, zamandan ve mekandan ba\u011f\u0131ms\u0131z \u00e7al\u0131\u015fma imkan\u0131 sunarak \u0130K [&hellip;]<\/p>\n","protected":false},"author":1,"featured_media":0,"parent":0,"menu_order":0,"comment_status":"closed","ping_status":"closed","template":"","meta":{"om_disable_all_campaigns":false,"_monsterinsights_skip_tracking":false,"_monsterinsights_sitenote_active":false,"_monsterinsights_sitenote_note":"","_monsterinsights_sitenote_category":0,"footnotes":""},"class_list":["post-1875","page","type-page","status-publish","hentry"],"acf":[],"aioseo_notices":[],"_links":{"self":[{"href":"http:\/\/www.gercekyazilim.com\/index.php\/wp-json\/wp\/v2\/pages\/1875","targetHints":{"allow":["GET"]}}],"collection":[{"href":"http:\/\/www.gercekyazilim.com\/index.php\/wp-json\/wp\/v2\/pages"}],"about":[{"href":"http:\/\/www.gercekyazilim.com\/index.php\/wp-json\/wp\/v2\/types\/page"}],"author":[{"embeddable":true,"href":"http:\/\/www.gercekyazilim.com\/index.php\/wp-json\/wp\/v2\/users\/1"}],"replies":[{"embeddable":true,"href":"http:\/\/www.gercekyazilim.com\/index.php\/wp-json\/wp\/v2\/comments?post=1875"}],"version-history":[{"count":2,"href":"http:\/\/www.gercekyazilim.com\/index.php\/wp-json\/wp\/v2\/pages\/1875\/revisions"}],"predecessor-version":[{"id":1959,"href":"http:\/\/www.gercekyazilim.com\/index.php\/wp-json\/wp\/v2\/pages\/1875\/revisions\/1959"}],"wp:attachment":[{"href":"http:\/\/www.gercekyazilim.com\/index.php\/wp-json\/wp\/v2\/media?parent=1875"}],"curies":[{"name":"wp","href":"https:\/\/api.w.org\/{rel}","templated":true}]}}