{"id":199,"date":"2017-10-02T02:27:49","date_gmt":"2017-10-02T02:27:49","guid":{"rendered":"https:\/\/www.gercekyazilim.com\/\/?page_id=199"},"modified":"2024-03-01T01:40:01","modified_gmt":"2024-02-29T22:40:01","slug":"mission-values","status":"publish","type":"page","link":"http:\/\/www.gercekyazilim.com\/index.php\/hakkimizda\/mission-values\/","title":{"rendered":"Misyon ve Vizyon"},"content":{"rendered":"<section class=\"wpb-content-wrapper\"><p>[vc_row css=&#8221;.vc_custom_1510549832750{padding-top: 50px !important;}&#8221;][vc_column width=&#8221;1\/4&#8243;][vc_custom_heading text=&#8221;Misyonumuz&#8221; font_container=&#8221;tag:h3|text_align:left&#8221; use_theme_fonts=&#8221;yes&#8221;][vc_empty_space height=&#8221;20px&#8221;][\/vc_column][vc_column width=&#8221;3\/4&#8243;][vc_column_text]Sekt\u00f6r\u00fcm\u00fcze dair ileri teknolojileri m\u00fc\u015fterilerimiz ile bulu\u015fturarak hizmet verdi\u011fimiz alanlarda ilkeli, duyarl\u0131, g\u00fcvenilir, yenilik\u00e7i ve rekabet\u00e7i kimli\u011fimizden ald\u0131\u011f\u0131m\u0131z g\u00fc\u00e7le \u00f6nc\u00fc olmak.[\/vc_column_text][\/vc_column][\/vc_row][vc_row css=&#8221;.vc_custom_1510549832750{padding-top: 50px !important;}&#8221;][vc_column width=&#8221;1\/4&#8243;][vc_custom_heading text=&#8221;Vizyonumuz&#8221; font_container=&#8221;tag:h3|text_align:left&#8221; use_theme_fonts=&#8221;yes&#8221;][vc_empty_space height=&#8221;20px&#8221;][\/vc_column][vc_column width=&#8221;3\/4&#8243;][vc_column_text]Her ge\u00e7en g\u00fcn daha da artan tecr\u00fcbemiz ve hizmet kalitemizle birlikte hem ulusal hem de uluslararas\u0131 arenada sekt\u00f6r\u00fcm\u00fcz\u00fcn \u00f6nde gelen firmalar\u0131 aras\u0131nda yer almak. Ortaya koydu\u011fumuz yenilik\u00e7i \u00e7\u00f6z\u00fcm \u00f6nerileriyle yaz\u0131l\u0131m d\u00fcnyas\u0131na gelece\u011fe y\u00f6nelik bir boyut kazand\u0131rmak.[\/vc_column_text][\/vc_column][\/vc_row][vc_row full_width=&#8221;stretch_row&#8221;][vc_column][vc_column_text][\/vc_column_text][\/vc_column][\/vc_row]<\/p>\n<\/section>","protected":false},"excerpt":{"rendered":"<p>[vc_row css=&#8221;.vc_custom_1510549832750{padding-top: 50px !important;}&#8221;][vc_column width=&#8221;1\/4&#8243;][vc_custom_heading text=&#8221;Misyonumuz&#8221; font_container=&#8221;tag:h3|text_align:left&#8221; use_theme_fonts=&#8221;yes&#8221;][vc_empty_space height=&#8221;20px&#8221;][\/vc_column][vc_column width=&#8221;3\/4&#8243;][vc_column_text]Sekt\u00f6r\u00fcm\u00fcze dair ileri teknolojileri m\u00fc\u015fterilerimiz ile bulu\u015fturarak hizmet verdi\u011fimiz alanlarda ilkeli, duyarl\u0131, g\u00fcvenilir, yenilik\u00e7i ve rekabet\u00e7i kimli\u011fimizden ald\u0131\u011f\u0131m\u0131z g\u00fc\u00e7le \u00f6nc\u00fc olmak.[\/vc_column_text][\/vc_column][\/vc_row][vc_row css=&#8221;.vc_custom_1510549832750{padding-top: 50px !important;}&#8221;][vc_column width=&#8221;1\/4&#8243;][vc_custom_heading text=&#8221;Vizyonumuz&#8221; font_container=&#8221;tag:h3|text_align:left&#8221; use_theme_fonts=&#8221;yes&#8221;][vc_empty_space height=&#8221;20px&#8221;][\/vc_column][vc_column width=&#8221;3\/4&#8243;][vc_column_text]Her ge\u00e7en g\u00fcn daha da artan tecr\u00fcbemiz ve hizmet kalitemizle birlikte hem ulusal hem de uluslararas\u0131 arenada [&hellip;]<\/p>\n","protected":false},"author":1,"featured_media":0,"parent":2,"menu_order":0,"comment_status":"closed","ping_status":"closed","template":"","meta":{"om_disable_all_campaigns":false,"_monsterinsights_skip_tracking":false,"_monsterinsights_sitenote_active":false,"_monsterinsights_sitenote_note":"","_monsterinsights_sitenote_category":0,"footnotes":""},"class_list":["post-199","page","type-page","status-publish","hentry"],"acf":[],"aioseo_notices":[],"_links":{"self":[{"href":"http:\/\/www.gercekyazilim.com\/index.php\/wp-json\/wp\/v2\/pages\/199","targetHints":{"allow":["GET"]}}],"collection":[{"href":"http:\/\/www.gercekyazilim.com\/index.php\/wp-json\/wp\/v2\/pages"}],"about":[{"href":"http:\/\/www.gercekyazilim.com\/index.php\/wp-json\/wp\/v2\/types\/page"}],"author":[{"embeddable":true,"href":"http:\/\/www.gercekyazilim.com\/index.php\/wp-json\/wp\/v2\/users\/1"}],"replies":[{"embeddable":true,"href":"http:\/\/www.gercekyazilim.com\/index.php\/wp-json\/wp\/v2\/comments?post=199"}],"version-history":[{"count":6,"href":"http:\/\/www.gercekyazilim.com\/index.php\/wp-json\/wp\/v2\/pages\/199\/revisions"}],"predecessor-version":[{"id":2168,"href":"http:\/\/www.gercekyazilim.com\/index.php\/wp-json\/wp\/v2\/pages\/199\/revisions\/2168"}],"up":[{"embeddable":true,"href":"http:\/\/www.gercekyazilim.com\/index.php\/wp-json\/wp\/v2\/pages\/2"}],"wp:attachment":[{"href":"http:\/\/www.gercekyazilim.com\/index.php\/wp-json\/wp\/v2\/media?parent=199"}],"curies":[{"name":"wp","href":"https:\/\/api.w.org\/{rel}","templated":true}]}}