{"id":2,"date":"2017-09-26T08:08:51","date_gmt":"2017-09-26T08:08:51","guid":{"rendered":"https:\/\/www.gercekyazilim.com\/\/?page_id=2"},"modified":"2024-03-01T01:15:19","modified_gmt":"2024-02-29T22:15:19","slug":"hakkimizda","status":"publish","type":"page","link":"http:\/\/www.gercekyazilim.com\/index.php\/hakkimizda\/","title":{"rendered":"Hakk\u0131m\u0131zda"},"content":{"rendered":"<section class=\"wpb-content-wrapper\"><p>[vc_row][vc_column width=&#8221;2\/3&#8243;][vc_column_text]Ger\u00e7ek Yaz\u0131l\u0131m olarak; h\u0131zla geli\u015fen teknolojiyi takip ederek firmalar\u0131n ihtiya\u00e7lar\u0131 do\u011frultusunda, g\u00fcncel teknolojilerle \u00e7\u00f6z\u00fcmler sunuyoruz. Web tasar\u0131m, yaz\u0131l\u0131m \u00e7\u00f6z\u00fcmleri, reklamlar ve SEO gibi dijital d\u00fcnyan\u0131n gerekleri olan \u00e7al\u0131\u015fmalarda referanslar\u0131 ile kendini ispatlam\u0131\u015f olan Ger\u00e7ek Yaz\u0131l\u0131m; t\u00fcm dijital talepler i\u00e7in \u00e7\u00f6z\u00fcm sunmaktay\u0131z. Dijital d\u00fcnyan\u0131n her ge\u00e7en g\u00fcn daha \u00e7ok hayat\u0131m\u0131za yerle\u015fmesiyle markalar\u0131n, firmalar\u0131n kendilerine yer bulmas\u0131 olduk\u00e7a \u00f6nemli h\u00e2le geldi. Bu noktada \u00fcretti\u011fimiz \u00e7\u00f6z\u00fcmleri bir i\u015ften daha fazlas\u0131 olarak g\u00f6ren bizler i\u00e7in, i\u015f eti\u011fi daima \u00f6n s\u0131radad\u0131r. Vizyonunu ve misyonunu disiplin \u00fczerine kuran \u015firketimiz, m\u00fc\u015fterilerini dijital evrene ba\u015far\u0131yla adapte eder.<\/p>\n<p>Firmam\u0131z\u0131n merkezi \u0130stanbul&#8217;da olmakla birlikte\u00a0d\u00fcnyadaki t\u00fcm firmalar i\u00e7in yaz\u0131l\u0131m \u00e7\u00f6z\u00fcmleri \u00fcretmekteyiz. D\u00fcnyan\u0131n neresinde olursan\u0131z olun bir t\u0131k uza\u011f\u0131n\u0131zda olmam\u0131z\u0131n g\u00fcvencesiyle,\u00a0birlikte ortaya bir proje \u00e7\u0131karmak ba\u015far\u0131lar\u0131n\u0131z\u0131n \u00f6nc\u00fcs\u00fc olacakt\u0131r.<\/p>\n<p>Daima m\u00fc\u015fteri memnuniyetini esas alan firmam\u0131z, ayn\u0131 zamanda \u00e7evresel ve toplumsal konularda da son derece duyarl\u0131d\u0131r.<\/p>\n<p>5 y\u0131l\u0131 a\u015fk\u0131n s\u00fcredir sekt\u00f6rde faaliyet g\u00f6steren tecr\u00fcbeli ekibimiz ile sizlere profesyonel \u00e7\u00f6z\u00fcmler sunmak i\u00e7in \u00e7al\u0131\u015f\u0131yoruz. Teknolojiyi yak\u0131ndan takip ediyor, analiz ediyor ve gerekli g\u00f6r\u00fclmesi halinde \u00e7\u00f6z\u00fcmlerimize dahil ediyoruz. Ekip olarak ihtiya\u00e7lar\u0131n\u0131z\u0131 analiz edip sizler i\u00e7in en uygun \u00e7\u00f6z\u00fcm\u00fc uyguluyoruz.<\/p>\n<p>\u00c7a\u011f\u0131n gere\u011fine uymak noktas\u0131nda Ger\u00e7ek Yaz\u0131l\u0131m\u00a0 ile rekabeti belirleyen taraf siz olursunuz.[\/vc_column_text][\/vc_column][vc_column width=&#8221;1\/3&#8243;]\n<!-- BEGIN .imagebox -->\n<div class=\"imagebox style2 \">\n\t\n\t\t<div class=\"box-header\">\n\t\t\t<h3 class=\"box-title\">\n\t\t\t\t<a href=\"https:\/\/www.gercekyazilim.com\/\/our-services\/\" target=\"_self\">\n\t\t\t\t\tVizyonumuz\t\t\t\t<\/a>\n\t\t\t<\/h3>\n\n\t\t\t\t\t\t\t<span class=\"box-subtitle\">\n\t\t\t\t\tHer ge\u00e7en g\u00fcn daha da artan tecr\u00fcbemiz ve hizmet kalitemizle birlikte hem ulusal hem de uluslararas\u0131 arenada sekt\u00f6r\u00fcm\u00fcz\u00fcn \u00f6nde gelen firmalar\u0131 aras\u0131nda yer almak. Ortaya koydu\u011fumuz yenilik\u00e7i \u00e7\u00f6z\u00fcm \u00f6nerileriyle yaz\u0131l\u0131m d\u00fcnyas\u0131na gelece\u011fe y\u00f6nelik bir boyut kazand\u0131rmak.\t\t\t\t<\/span>\n\t\t\t\t\t<\/div>\n\n\t\t<div class=\"box-content\"><\/div>\n\n\t\t<div class=\"box-image\">\n\t\t\t<a href=\"https:\/\/www.gercekyazilim.com\/\/our-services\/\" target=\"_self\">\n\t\t\t\t\n\t\t\t\t<img loading=\"lazy\" decoding=\"async\" class=\"\" src=\"http:\/\/www.gercekyazilim.com\/wp-content\/uploads\/2017\/09\/hipster-manager-with-smart-phone-london-city-hall-PBBAF8T-350x500.jpg\" width=\"350\" height=\"500\" alt=\"hipster-manager-with-smart-phone-london-city-hall-PBBAF8T\" title=\"hipster-manager-with-smart-phone-london-city-hall-PBBAF8T\" \/>\t\t\t<\/a>\n\t\t<\/div>\n\t<\/div>\n<!-- End .imagebox -->\n[vc_empty_space height=&#8221;30px&#8221;]\n<!-- BEGIN .imagebox -->\n<div class=\"imagebox style2 \">\n\t\n\t\t<div class=\"box-header\">\n\t\t\t<h3 class=\"box-title\">\n\t\t\t\t<a href=\"https:\/\/www.gercekyazilim.com\/\/our-services\/\" target=\"_self\">\n\t\t\t\t\tMisyonumuz\t\t\t\t<\/a>\n\t\t\t<\/h3>\n\n\t\t\t\t\t\t\t<span class=\"box-subtitle\">\n\t\t\t\t\tSekt\u00f6r\u00fcm\u00fcze dair ileri teknolojileri m\u00fc\u015fterilerimiz ile bulu\u015fturarak hizmet verdi\u011fimiz alanlarda ilkeli, duyarl\u0131, g\u00fcvenilir, yenilik\u00e7i ve rekabet\u00e7i kimli\u011fimizden ald\u0131\u011f\u0131m\u0131z g\u00fc\u00e7le \u00f6nc\u00fc olmak.\t\t\t\t<\/span>\n\t\t\t\t\t<\/div>\n\n\t\t<div class=\"box-content\"><\/div>\n\n\t\t<div class=\"box-image\">\n\t\t\t<a href=\"https:\/\/www.gercekyazilim.com\/\/our-services\/\" target=\"_self\">\n\t\t\t\t\n\t\t\t\t<img loading=\"lazy\" decoding=\"async\" class=\"\" src=\"http:\/\/www.gercekyazilim.com\/wp-content\/uploads\/2017\/10\/architecture-construction-safety-first-career-PASWK691-350x500.jpg\" width=\"350\" height=\"500\" alt=\"architecture-construction-safety-first-career-PASWK69(1)\" title=\"architecture-construction-safety-first-career-PASWK69(1)\" \/>\t\t\t<\/a>\n\t\t<\/div>\n\t<\/div>\n<!-- End .imagebox -->\n[vc_empty_space height=&#8221;30px&#8221;][\/vc_column][\/vc_row][vc_row][vc_column][vc_empty_space height=&#8221;40px&#8221;][vc_custom_heading text=&#8221;TASARIMCILAR, PROGRAMCILAR VE M\u00dcHEND\u0130SLERDEN OLU\u015eAN B\u0130R EK\u0130B\u0130Z.&#8221; font_container=&#8221;tag:h2|text_align:center&#8221; use_theme_fonts=&#8221;yes&#8221;][vc_empty_space height=&#8221;20px&#8221;][vc_row_inner gap=&#8221;35&#8243;][vc_column_inner width=&#8221;1\/2&#8243;][vc_column_text][\/vc_column_text][vc_empty_space height=&#8221;20px&#8221;][\/vc_column_inner][vc_column_inner width=&#8221;1\/2&#8243;][vc_column_text][\/vc_column_text][vc_empty_space height=&#8221;20px&#8221;][\/vc_column_inner][\/vc_row_inner][\/vc_column][\/vc_row][vc_row css=&#8221;.vc_custom_1513310048095{padding-top: 20px !important;padding-bottom: 50px !important;}&#8221;][vc_column width=&#8221;1\/6&#8243;][\/vc_column][vc_column width=&#8221;2\/3&#8243;][vc_row_inner][vc_column_inner width=&#8221;1\/3&#8243;][\/vc_column_inner][vc_column_inner width=&#8221;1\/3&#8243;]<div class=\"counter  \"><div class=\"counter-image\"><img decoding=\"async\" src=\"http:\/\/www.gercekyazilim.com\/wp-content\/uploads\/2017\/09\/Training.svg\" alt=\"Hizmet Verilen Firmalar\" \/><\/div> <div class=\"counter-detail\">\n\t\t<h3 class=\"counter-content\">\n\t\t\t<span class=\"counter-prefix\"><\/span><span class=\"counter-value\" data-from=\"0\" data-to=\"55\" data-speed=\"1000\">0<\/span><span class=\"counter-suffix\">+<\/span>\n\t\t<\/h3>\n\t<div class=\"counter-title\">Hizmet Verilen Firmalar<\/div><\/div><\/div>[\/vc_column_inner][vc_column_inner width=&#8221;1\/3&#8243;]<div class=\"counter  \"><div class=\"counter-image\"><img decoding=\"async\" src=\"http:\/\/www.gercekyazilim.com\/wp-content\/uploads\/2017\/09\/Conference.svg\" alt=\"Tamamlanm\u0131\u015f \u0130\u015fler\" \/><\/div> <div class=\"counter-detail\">\n\t\t<h3 class=\"counter-content\">\n\t\t\t<span class=\"counter-prefix\"><\/span><span class=\"counter-value\" data-from=\"0\" data-to=\"4980\" data-speed=\"1000\">0<\/span><span class=\"counter-suffix\">+<\/span>\n\t\t<\/h3>\n\t<div class=\"counter-title\">Tamamlanm\u0131\u015f \u0130\u015fler<\/div><\/div><\/div>[\/vc_column_inner][\/vc_row_inner][\/vc_column][vc_column width=&#8221;1\/6&#8243;][\/vc_column][\/vc_row][vc_row full_width=&#8221;stretch_row&#8221; css=&#8221;.vc_custom_1513311899271{padding-top: 80px !important;padding-bottom: 40px !important;background: #020620 url(http:\/\/www.gercekyazilim.com\/wp-content\/uploads\/\/2017\/12\/bg-main.svg?id=1098) !important;background-position: center !important;background-repeat: no-repeat !important;background-size: cover !important;}&#8221;][vc_column][vc_row_inner][vc_column_inner width=&#8221;1\/12&#8243;][\/vc_column_inner][vc_column_inner width=&#8221;5\/6&#8243;][vc_custom_heading text=&#8221;&#8221; font_container=&#8221;tag:h2|text_align:center|color:%23ffffff&#8221; use_theme_fonts=&#8221;yes&#8221;][\/vc_column_inner][vc_column_inner width=&#8221;1\/12&#8243;][\/vc_column_inner][\/vc_row_inner][vc_empty_space height=&#8221;30px&#8221;][vc_row_inner content_placement=&#8221;middle&#8221; gap=&#8221;30&#8243;][vc_column_inner width=&#8221;1\/2&#8243;]<ul class=\"iconlist iconlist iconlist-icon-small \"><\/ul>[\/vc_column_inner][vc_column_inner width=&#8221;1\/2&#8243;][vc_column_text][\/vc_column_text][vc_empty_space height=&#8221;20px&#8221;][\/vc_column_inner][\/vc_row_inner][\/vc_column][\/vc_row][vc_row][vc_column][vc_row_inner][vc_column_inner width=&#8221;1\/3&#8243;][vc_column_text][\/vc_column_text][vc_column_text][\/vc_column_text][\/vc_column_inner][vc_column_inner width=&#8221;1\/3&#8243;][vc_column_text][\/vc_column_text][\/vc_column_inner][\/vc_row_inner][\/vc_column][\/vc_row]<\/p>\n<\/section>","protected":false},"excerpt":{"rendered":"<p>[vc_row][vc_column width=&#8221;2\/3&#8243;][vc_column_text]Ger\u00e7ek Yaz\u0131l\u0131m olarak; h\u0131zla geli\u015fen teknolojiyi takip ederek firmalar\u0131n ihtiya\u00e7lar\u0131 do\u011frultusunda, g\u00fcncel teknolojilerle \u00e7\u00f6z\u00fcmler sunuyoruz. Web tasar\u0131m, yaz\u0131l\u0131m \u00e7\u00f6z\u00fcmleri, reklamlar ve SEO gibi dijital d\u00fcnyan\u0131n gerekleri olan \u00e7al\u0131\u015fmalarda referanslar\u0131 ile kendini ispatlam\u0131\u015f olan Ger\u00e7ek Yaz\u0131l\u0131m; t\u00fcm dijital talepler i\u00e7in \u00e7\u00f6z\u00fcm sunmaktay\u0131z. Dijital d\u00fcnyan\u0131n her ge\u00e7en g\u00fcn daha \u00e7ok hayat\u0131m\u0131za yerle\u015fmesiyle markalar\u0131n, firmalar\u0131n kendilerine yer [&hellip;]<\/p>\n","protected":false},"author":1,"featured_media":0,"parent":0,"menu_order":0,"comment_status":"closed","ping_status":"open","template":"","meta":{"om_disable_all_campaigns":false,"_monsterinsights_skip_tracking":false,"_monsterinsights_sitenote_active":false,"_monsterinsights_sitenote_note":"","_monsterinsights_sitenote_category":0,"footnotes":""},"class_list":["post-2","page","type-page","status-publish","hentry"],"acf":[],"aioseo_notices":[],"_links":{"self":[{"href":"http:\/\/www.gercekyazilim.com\/index.php\/wp-json\/wp\/v2\/pages\/2","targetHints":{"allow":["GET"]}}],"collection":[{"href":"http:\/\/www.gercekyazilim.com\/index.php\/wp-json\/wp\/v2\/pages"}],"about":[{"href":"http:\/\/www.gercekyazilim.com\/index.php\/wp-json\/wp\/v2\/types\/page"}],"author":[{"embeddable":true,"href":"http:\/\/www.gercekyazilim.com\/index.php\/wp-json\/wp\/v2\/users\/1"}],"replies":[{"embeddable":true,"href":"http:\/\/www.gercekyazilim.com\/index.php\/wp-json\/wp\/v2\/comments?post=2"}],"version-history":[{"count":12,"href":"http:\/\/www.gercekyazilim.com\/index.php\/wp-json\/wp\/v2\/pages\/2\/revisions"}],"predecessor-version":[{"id":2167,"href":"http:\/\/www.gercekyazilim.com\/index.php\/wp-json\/wp\/v2\/pages\/2\/revisions\/2167"}],"wp:attachment":[{"href":"http:\/\/www.gercekyazilim.com\/index.php\/wp-json\/wp\/v2\/media?parent=2"}],"curies":[{"name":"wp","href":"https:\/\/api.w.org\/{rel}","templated":true}]}}